{"id":1373,"date":"2026-04-22T12:12:23","date_gmt":"2026-04-22T12:12:23","guid":{"rendered":"https:\/\/bestbettingcasinos.com\/hu\/?page_id=1373"},"modified":"2026-04-22T12:12:45","modified_gmt":"2026-04-22T12:12:45","slug":"kapcsolat","status":"publish","type":"page","link":"https:\/\/bestbettingcasinos.com\/hu\/kapcsolat\/","title":{"rendered":"Kapcsolat \u2013 l\u00e9pj vel\u00fcnk kapcsolatba egyszer\u0171en!"},"content":{"rendered":"\n<p>Ha b\u00e1rmilyen k\u00e9rd\u00e9sed vagy k\u00e9r\u00e9sed van, fordulj hozz\u00e1nk b\u00e1tran! Kapcsolatba l\u00e9phetsz vel\u00fcnk az al\u00e1bbi el\u00e9rhet\u0151s\u00e9geken kereszt\u00fcl. \u00d6r\u00f6mmel fogadjuk gondolataidat \u00e9s \u00f6tleteidet \u2013 ne habozz \u00fczenetet k\u00fcldeni!<\/p>\n\n\n\n<h2 id=\"hogyan-erhetsz-el-minket\" class=\"wp-block-heading\">Hogyan \u00e9rhetsz el minket<\/h2>\n\n\n\n<p>Az al\u00e1bbi m\u00f3dokon veheted fel vel\u00fcnk a kapcsolatot.<\/p>\n\n\n\n<h3 id=\"email\" class=\"wp-block-heading\">Email<\/h3>\n\n\n\n<p>K\u00fcldj nek\u00fcnk e-mailt, \u00e9s hamarosan v\u00e1laszolunk.<\/p>\n\n\n\n<p>\u00c1ltal\u00e1nos megkeres\u00e9sek: <a href=\"mailto:info@bestbettingcasinos.com\" target=\"_blank\" rel=\"noreferrer noopener\">info@bestbettingcasinos.com<\/a><\/p>\n\n\n\n<p>Panaszok: <a href=\"mailto:complaints@bestbettingcasinos.com\" target=\"_blank\" rel=\"noreferrer noopener\">complaints@bestbettingcasinos.com<\/a><\/p>\n\n\n\n<h3 id=\"kozossegi-media\" class=\"wp-block-heading\">K\u00f6z\u00f6ss\u00e9gi m\u00e9dia<\/h3>\n\n\n\n<p>K\u00f6vess minket a k\u00f6z\u00f6ss\u00e9gi m\u00e9di\u00e1ban, \u00e9s k\u00fcldhetsz nek\u00fcnk k\u00f6zvetlen \u00fczenetet:<\/p>\n\n\n\n<p><a href=\"https:\/\/x.com\/BB_Casinos\" target=\"_blank\" rel=\"noreferrer noopener\">X<\/a>&nbsp;|&nbsp;<a href=\"https:\/\/www.instagram.com\/bestbettingcasinos\/\" target=\"_blank\" rel=\"noreferrer noopener\">Instagram<\/a><\/p>\n\n\n\n<h3 id=\"iroda\" class=\"wp-block-heading\">Iroda<\/h3>\n\n\n\n<p>Chambull Media Ltd<br>Unit 4, First Floor,<br>Kilmeaden Business Centre,<br>Kilmeaden,<br>Waterford<\/p>\n\n\n\n<h2 id=\"a-bestbettingcasinos-com-rol\" class=\"wp-block-heading\">A BestBettingCasinos.com-r\u00f3l<\/h2>\n\n\n\n<p>A BestBettingCasinos.com-n\u00e1l elk\u00f6telezetten dolgozunk azon, hogy a legjobb online szerencsej\u00e1t\u00e9k-\u00e9lm\u00e9nyt ny\u00fajtsuk neked. Ak\u00e1r exkluz\u00edv b\u00f3nuszaj\u00e1nlatokat keresel, ak\u00e1r r\u00e9szletes kaszin\u00f3- \u00e9s sportfogad\u00f3 \u00e9rt\u00e9kel\u00e9seket, ak\u00e1r szak\u00e9rt\u0151i tan\u00e1csokat az online kaszin\u00f3j\u00e1t\u00e9kokhoz \u00e9s fogad\u00e1shoz, mindent megtal\u00e1lsz n\u00e1lunk.<\/p>\n\n\n\n<p>Szaktud\u00e1sunk abban rejlik, hogy felkutatjuk a legjobb prom\u00f3ci\u00f3kat, bele\u00e9rtve az <a href=\"https:\/\/bestbettingcasinos.com\/hu\/ingyenes-porgetesek\/\" rel=\"noreferrer noopener\" target=\"_blank\">ingyenes p\u00f6rget\u00e9seket<\/a>, a befizet\u00e9si b\u00f3nuszokat \u00e9s a <a href=\"https:\/\/bestbettingcasinos.com\/hu\/befizetes-nelkuli-bonusz\/\" rel=\"noreferrer noopener\" target=\"_blank\">befizet\u00e9s n\u00e9lk\u00fcli b\u00f3nuszokat<\/a>. \u00cdgy biztos\u00edtjuk, hogy soha ne maradj le a legjobb aj\u00e1nlatokr\u00f3l. Platformunkon t\u00f6bb mint 500 megb\u00edzhat\u00f3 kaszin\u00f3 szerepel, \u00edgy mindig v\u00e1r r\u00e1d egy izgalmas lehet\u0151s\u00e9g.<\/p>\n\n\n\n<p>Ha komolyan gondolod az online j\u00e1t\u00e9k\u00e9lm\u00e9nyed maximaliz\u00e1l\u00e1s\u00e1t, a BestBettingCasinos.com az egyetlen forr\u00e1s, amelyre sz\u00fcks\u00e9ged lesz. Fedezd fel, hasonl\u00edtsd \u00f6ssze \u00e9s j\u00e1tssz okosabban vel\u00fcnk!<\/p>\n","protected":false},"excerpt":{"rendered":"<p>Ha b\u00e1rmilyen k\u00e9rd\u00e9sed vagy k\u00e9r\u00e9sed van, fordulj hozz\u00e1nk b\u00e1tran! Kapcsolatba l\u00e9phetsz vel\u00fcnk az al\u00e1bbi el\u00e9rhet\u0151s\u00e9geken kereszt\u00fcl. \u00d6r\u00f6mmel fogadjuk gondolataidat \u00e9s [&hellip;]<\/p>\n","protected":false},"author":3,"featured_media":0,"parent":0,"menu_order":0,"comment_status":"closed","ping_status":"closed","template":"","meta":{"_acf_changed":false,"footnotes":""},"class_list":["post-1373","page","type-page","status-publish","hentry"],"acf":[],"yoast_head":"<!-- This site is optimized with the Yoast SEO plugin v26.9 - https:\/\/yoast.com\/product\/yoast-seo-wordpress\/ -->\n<title>L\u00e9pjen kapcsolatba vel\u00fcnk \u2013 hogyan \u00e9rhet el minket egyszer\u0171en!<\/title>\n<meta name=\"description\" content=\"Vegye fel vel\u00fcnk a kapcsolatot e-mailben vagy a k\u00f6z\u00f6ss\u00e9gi m\u00e9di\u00e1n kereszt\u00fcl. \u00c1ltal\u00e1ban 24 \u00f3r\u00e1n bel\u00fcl v\u00e1laszolunk.\" \/>\n<meta name=\"robots\" content=\"index, follow, max-snippet:-1, max-image-preview:large, max-video-preview:-1\" \/>\n<link rel=\"canonical\" href=\"https:\/\/bestbettingcasinos.com\/hu\/kapcsolat\/\" \/>\n<meta property=\"og:locale\" content=\"hu_HU\" \/>\n<meta property=\"og:type\" content=\"article\" \/>\n<meta property=\"og:title\" content=\"L\u00e9pjen kapcsolatba vel\u00fcnk \u2013 hogyan \u00e9rhet el minket egyszer\u0171en!\" \/>\n<meta property=\"og:description\" content=\"Vegye fel vel\u00fcnk a kapcsolatot e-mailben vagy a k\u00f6z\u00f6ss\u00e9gi m\u00e9di\u00e1n kereszt\u00fcl. \u00c1ltal\u00e1ban 24 \u00f3r\u00e1n bel\u00fcl v\u00e1laszolunk.\" \/>\n<meta property=\"og:url\" content=\"https:\/\/bestbettingcasinos.com\/hu\/kapcsolat\/\" \/>\n<meta property=\"og:site_name\" content=\"?? Best Betting Casinos - Magyar\" \/>\n<meta property=\"article:modified_time\" content=\"2026-04-22T12:12:45+00:00\" \/>\n<meta name=\"twitter:card\" content=\"summary_large_image\" \/>\n<meta name=\"twitter:label1\" content=\"Est. reading time\" \/>\n\t<meta name=\"twitter:data1\" content=\"1 minute\" \/>\n<script type=\"application\/ld+json\" class=\"yoast-schema-graph\">{\"@context\":\"https:\/\/schema.org\",\"@graph\":[{\"@type\":\"WebPage\",\"@id\":\"https:\/\/bestbettingcasinos.com\/hu\/kapcsolat\/\",\"url\":\"https:\/\/bestbettingcasinos.com\/hu\/kapcsolat\/\",\"name\":\"L\u00e9pjen kapcsolatba vel\u00fcnk \u2013 hogyan \u00e9rhet el minket egyszer\u0171en!\",\"isPartOf\":{\"@id\":\"https:\/\/bestbettingcasinos.com\/hu\/#website\"},\"datePublished\":\"2026-04-22T12:12:23+00:00\",\"dateModified\":\"2026-04-22T12:12:45+00:00\",\"description\":\"Vegye fel vel\u00fcnk a kapcsolatot e-mailben vagy a k\u00f6z\u00f6ss\u00e9gi m\u00e9di\u00e1n kereszt\u00fcl. \u00c1ltal\u00e1ban 24 \u00f3r\u00e1n bel\u00fcl v\u00e1laszolunk.\",\"breadcrumb\":{\"@id\":\"https:\/\/bestbettingcasinos.com\/hu\/kapcsolat\/#breadcrumb\"},\"inLanguage\":\"hu-HU\",\"potentialAction\":[{\"@type\":\"ReadAction\",\"target\":[\"https:\/\/bestbettingcasinos.com\/hu\/kapcsolat\/\"]}]},{\"@type\":\"BreadcrumbList\",\"@id\":\"https:\/\/bestbettingcasinos.com\/hu\/kapcsolat\/#breadcrumb\",\"itemListElement\":[{\"@type\":\"ListItem\",\"position\":1,\"name\":\"Home\",\"item\":\"https:\/\/bestbettingcasinos.com\/hu\/\"},{\"@type\":\"ListItem\",\"position\":2,\"name\":\"Kapcsolat \u2013 l\u00e9pj vel\u00fcnk kapcsolatba egyszer\u0171en!\"}]},{\"@type\":\"WebSite\",\"@id\":\"https:\/\/bestbettingcasinos.com\/hu\/#website\",\"url\":\"https:\/\/bestbettingcasinos.com\/hu\/\",\"name\":\"?? Best Betting Casinos - Magyar\",\"description\":\"\",\"potentialAction\":[{\"@type\":\"SearchAction\",\"target\":{\"@type\":\"EntryPoint\",\"urlTemplate\":\"https:\/\/bestbettingcasinos.com\/hu\/?s={search_term_string}\"},\"query-input\":{\"@type\":\"PropertyValueSpecification\",\"valueRequired\":true,\"valueName\":\"search_term_string\"}}],\"inLanguage\":\"hu-HU\"}]}<\/script>\n<!-- \/ Yoast SEO plugin. -->","yoast_head_json":{"title":"L\u00e9pjen kapcsolatba vel\u00fcnk \u2013 hogyan \u00e9rhet el minket egyszer\u0171en!","description":"Vegye fel vel\u00fcnk a kapcsolatot e-mailben vagy a k\u00f6z\u00f6ss\u00e9gi m\u00e9di\u00e1n kereszt\u00fcl. \u00c1ltal\u00e1ban 24 \u00f3r\u00e1n bel\u00fcl v\u00e1laszolunk.","robots":{"index":"index","follow":"follow","max-snippet":"max-snippet:-1","max-image-preview":"max-image-preview:large","max-video-preview":"max-video-preview:-1"},"canonical":"https:\/\/bestbettingcasinos.com\/hu\/kapcsolat\/","og_locale":"hu_HU","og_type":"article","og_title":"L\u00e9pjen kapcsolatba vel\u00fcnk \u2013 hogyan \u00e9rhet el minket egyszer\u0171en!","og_description":"Vegye fel vel\u00fcnk a kapcsolatot e-mailben vagy a k\u00f6z\u00f6ss\u00e9gi m\u00e9di\u00e1n kereszt\u00fcl. \u00c1ltal\u00e1ban 24 \u00f3r\u00e1n bel\u00fcl v\u00e1laszolunk.","og_url":"https:\/\/bestbettingcasinos.com\/hu\/kapcsolat\/","og_site_name":"?? Best Betting Casinos - Magyar","article_modified_time":"2026-04-22T12:12:45+00:00","twitter_card":"summary_large_image","twitter_misc":{"Est. reading time":"1 minute"},"schema":{"@context":"https:\/\/schema.org","@graph":[{"@type":"WebPage","@id":"https:\/\/bestbettingcasinos.com\/hu\/kapcsolat\/","url":"https:\/\/bestbettingcasinos.com\/hu\/kapcsolat\/","name":"L\u00e9pjen kapcsolatba vel\u00fcnk \u2013 hogyan \u00e9rhet el minket egyszer\u0171en!","isPartOf":{"@id":"https:\/\/bestbettingcasinos.com\/hu\/#website"},"datePublished":"2026-04-22T12:12:23+00:00","dateModified":"2026-04-22T12:12:45+00:00","description":"Vegye fel vel\u00fcnk a kapcsolatot e-mailben vagy a k\u00f6z\u00f6ss\u00e9gi m\u00e9di\u00e1n kereszt\u00fcl. \u00c1ltal\u00e1ban 24 \u00f3r\u00e1n bel\u00fcl v\u00e1laszolunk.","breadcrumb":{"@id":"https:\/\/bestbettingcasinos.com\/hu\/kapcsolat\/#breadcrumb"},"inLanguage":"hu-HU","potentialAction":[{"@type":"ReadAction","target":["https:\/\/bestbettingcasinos.com\/hu\/kapcsolat\/"]}]},{"@type":"BreadcrumbList","@id":"https:\/\/bestbettingcasinos.com\/hu\/kapcsolat\/#breadcrumb","itemListElement":[{"@type":"ListItem","position":1,"name":"Home","item":"https:\/\/bestbettingcasinos.com\/hu\/"},{"@type":"ListItem","position":2,"name":"Kapcsolat \u2013 l\u00e9pj vel\u00fcnk kapcsolatba egyszer\u0171en!"}]},{"@type":"WebSite","@id":"https:\/\/bestbettingcasinos.com\/hu\/#website","url":"https:\/\/bestbettingcasinos.com\/hu\/","name":"?? Best Betting Casinos - Magyar","description":"","potentialAction":[{"@type":"SearchAction","target":{"@type":"EntryPoint","urlTemplate":"https:\/\/bestbettingcasinos.com\/hu\/?s={search_term_string}"},"query-input":{"@type":"PropertyValueSpecification","valueRequired":true,"valueName":"search_term_string"}}],"inLanguage":"hu-HU"}]}},"_links":{"self":[{"href":"https:\/\/bestbettingcasinos.com\/hu\/wp-json\/wp\/v2\/pages\/1373","targetHints":{"allow":["GET"]}}],"collection":[{"href":"https:\/\/bestbettingcasinos.com\/hu\/wp-json\/wp\/v2\/pages"}],"about":[{"href":"https:\/\/bestbettingcasinos.com\/hu\/wp-json\/wp\/v2\/types\/page"}],"author":[{"embeddable":true,"href":"https:\/\/bestbettingcasinos.com\/hu\/wp-json\/wp\/v2\/users\/3"}],"replies":[{"embeddable":true,"href":"https:\/\/bestbettingcasinos.com\/hu\/wp-json\/wp\/v2\/comments?post=1373"}],"version-history":[{"count":1,"href":"https:\/\/bestbettingcasinos.com\/hu\/wp-json\/wp\/v2\/pages\/1373\/revisions"}],"predecessor-version":[{"id":1374,"href":"https:\/\/bestbettingcasinos.com\/hu\/wp-json\/wp\/v2\/pages\/1373\/revisions\/1374"}],"wp:attachment":[{"href":"https:\/\/bestbettingcasinos.com\/hu\/wp-json\/wp\/v2\/media?parent=1373"}],"curies":[{"name":"wp","href":"https:\/\/api.w.org\/{rel}","templated":true}]}}