{"id":264,"date":"2020-12-15T09:35:39","date_gmt":"2020-12-15T08:35:39","guid":{"rendered":"https:\/\/bestbettingcasinos.com\/es-mx\/terminos-de-uso\/"},"modified":"2020-12-15T09:35:39","modified_gmt":"2020-12-15T08:35:39","slug":"terminos-de-uso","status":"publish","type":"page","link":"https:\/\/bestbettingcasinos.com\/es-mx\/terminos-de-uso\/","title":{"rendered":"T\u00e9rminos de Uso"},"content":{"rendered":"<h2 id=\"1-introduccion\">1. Introducci\u00f3n<\/h2>\n<p>Bestbettingcasinos.com (\u201cBBC\u201d) y todas las entidades controladas por BBC ser\u00e1n colectivamente llamadas en este documento como &#8220;nosotros&#8221; o &#8220;nuestras&#8221;.<\/p>\n<p>Por favor lea los t\u00e9rminos de uso antes de participar en el contenido de cualquier sitio web de BBC. Al usar cualquier sitio de BBC, usted manifiesta estar de acuerdo con los t\u00e9rminos y condiciones establecidos en este documento.<\/p>\n<p>Si no est\u00e1 de acuerdo con estos t\u00e9rminos de uso, no podr\u00e1 usar los sitios de BBC.<\/p>\n<p>Nos reservamos el derecho de a\u00f1adir, cambiar, borrar o modificar cualquier secci\u00f3n de estos t\u00e9rminos de uso, a nuestra sola discreci\u00f3n, usando los procedimientos establecidos en la secci\u00f3n denominada &#8220;modificaci\u00f3n&#8221;.<\/p>\n<h2 id=\"2-consideracion\">2. Consideraci\u00f3n<\/h2>\n<p>Al continuar usando nuestros sitios, usted reconoce que estos t\u00e9rminos de uso est\u00e1n respaldados por consideraciones razonables. Usted reconoce que, sin limitaci\u00f3n, tales consideraciones incluyen su uso de los sitios de BBC, el recibir datos de parte nuestra, materiales, datos o informaci\u00f3n disponible a trav\u00e9s de nuestros sitios, nuestro potencial uso, y visualizaci\u00f3n o revisi\u00f3n de sus env\u00edos como se define m\u00e1s adelante en la secci\u00f3n denominada &#8220;env\u00edos&#8221;.<\/p>\n<h2 id=\"3-restricciones-en-el-uso-de-material\">3. Restricciones en el uso de material<\/h2>\n<p><strong>Derechos de autor<\/strong><br \/>\nToda la informaci\u00f3n contenida dentro de los sitios de BBC es una propiedad bajo la protecci\u00f3n de los derechos de autor y\/o la propiedad de sus licenciantes y licenciatarios.<\/p>\n<p><strong>Marcas comerciales<\/strong><br \/>\nTodas las marcas comerciales o nombres comerciales son propiedad de BBC y\/o de los anteriormente mencionados licenciantes y licenciatarios. Ninguna informaci\u00f3n que nos pertenezca podr\u00e1 ser copiada, republicada, distribuida o reproducida por ning\u00fan medio.<\/p>\n<p><strong>Uso personal<\/strong><br \/>\nLos sitios de BBC son solo para uso personal. Cualquier uso comercial de nuestros sitios est\u00e1 estrictamente prohibido. Usted no puede usar nuestros sitios de alguna manera que sea ilegal o le cause da\u00f1o a otra persona o entidad.<\/p>\n<p><strong>Env\u00edos<\/strong><br \/>\nSi nos hace env\u00edos no solicitados, bien sea intencionalmente o sin intenci\u00f3n, a trav\u00e9s de su participaci\u00f3n en alg\u00fan sitio de BBC, incluyendo pero no limit\u00e1ndose a contenido o material, texto, datos, texto, im\u00e1genes, videos, audio, material audiovisual y\/o otra informaci\u00f3n biogr\u00e1fica o material que pudiera ser llamado colectivamente como contenido generado por el usuario, nosotros y nuestros agentes autorizados estaremos autorizados a usar este contenido de cualquier manera, sin restricci\u00f3n.<\/p>\n<p>Si hubiera alguna ambig\u00fcedad sobre lo que constituye el contenido generado por el usuario, tal contenido ser\u00e1 considerado como un env\u00edo bajo los t\u00e9rminos de uso. Los env\u00edos no se hacen bajo una relaci\u00f3n de confianza o confidencialidad, y no se hacen para crear una relaci\u00f3n fiduciaria entre usted y nosotros.<\/p>\n<h2 id=\"5-seguridad\">5. Seguridad<\/h2>\n<p>Usted manifiesta estar de acuerdo en notificarnos prontamente, usando el formulario localizados en las p\u00e1ginas corporativas, sobre cualquier violaci\u00f3n de la seguridad de que tenga conocimiento y que involucre a cualquier sitio de BBC. Renunciamos a la responsabilidad por cualquier p\u00e9rdida o da\u00f1o que surja del incumplimiento de esta secci\u00f3n.<\/p>\n<h2 id=\"6-reglas-del-sitio\">6. Reglas del sitio<\/h2>\n<p>La siguiente es una lista de reglas del sitio aplicables en los sitios web de BBC. Al usar nuestros sitios, usted manifiesta estar de acuerdo en que:<\/p>\n<ul>\n<li>No usar\u00e1 ning\u00fan producto y\/o servicio disponible para usted en cualquiera de los sitios de BBC para fines comerciales de ninguna \u00edndole;<\/li>\n<li>No distribuir\u00e1, publicar\u00e1, subir\u00e1, cargar\u00e1 o pondr\u00e1 a disposici\u00f3n de cualquier otra forma cualquier archivo de computadora o software que contenga un virus o alg\u00fan componente da\u00f1ino similar que pueda perjudicar o da\u00f1ar un sitio de BBC o que perjudique o da\u00f1e de otro modo la capacidad de otros usuarios para usar los sitios de BBC;<\/li>\n<li>No mentir\u00e1 sobre su identidad ni se har\u00e1 pasar por ninguna otra persona usando su informaci\u00f3n biogr\u00e1fica o apariencia;<\/li>\n<li>No tendr\u00e1 comportamiento disruptivo en nuestros sitios;<\/li>\n<li>No alterar\u00e1 ninguna declaraci\u00f3n de descargo de responsabilidad, ning\u00fan aviso de derechos de autor o de marcas comerciales, o cualquier otro aviso legal que no tenga la autorizaci\u00f3n expresa para alterar;<\/li>\n<li>No participar\u00e1 en ninguna actividad criminal o conspirar\u00e1 para cometer cualquier actividad criminal.<\/li>\n<li>No podemos garantizar que los otros usuarios cumplir\u00e1n con las reglas de nuestro sitio u otras provisiones contenidas en estos t\u00e9rminos. Al usar nuestros sitios usted asume todo el riesgo que resulte por la falta de cumplimiento.<\/li>\n<li>Usted deber\u00e1 enviar su direcci\u00f3n de correo electr\u00f3nico o n\u00famero de tel\u00e9fono donde se lo solicitemos, y manifiesta estar de acuerdo con enviar su direcci\u00f3n de correo electr\u00f3nico real y su n\u00famero de tel\u00e9fono real.<\/li>\n<\/ul>\n<h2 id=\"8-derechos-de-remocion-de-contenido\">8. Derechos de remoci\u00f3n de contenido<\/h2>\n<p>Nos reservamos el derecho (pero renunciamos a cualquier responsabilidad) de remover cualquier contenido generado por los usuarios de este sitio. Nos reservamos el derecho de cumplir con cualquier orden que den los funcionarios encargados de hacer cumplir la ley en relaci\u00f3n con la identificaci\u00f3n de cualquier usuario que supuestamente est\u00e9 usando nuestros sitios en violaci\u00f3n de la ley, incluyendo que nosotros le pasemos contenido y cualquier otro env\u00edo a los funcionarios encargados de hacer cumplir la ley.<\/p>\n<h2 id=\"9-contenido-enlazado-desde-los-sitios-de-bbc\">9. Contenido enlazado desde los sitios de BBC<\/h2>\n<p>Cuando usted est\u00e1 haciendo uso de un sitio de BBC, podr\u00eda ser dirigido a otros sitios m\u00e1s all\u00e1 de nuestro control y por fuera de nuestros servicios. Por ejemplo, si hace clic en un bot\u00f3n de &#8220;jugar ahora&#8221;, ser\u00e1 sacado del sitio de BBC y ser\u00e1 dirigido a un servicio controlado por alguno de nuestros socios de marketing b2b. Usted reconoce que cuando hace clic en un enlace, usted abandona nuestro sitio y est\u00e1 sujeto a diferentes t\u00e9rminos de uso y pol\u00edticas de privacidad en los sitios web que sean propiedad o sean operados por dicho socio, independientemente de BBC. No podemos asumir responsabilidad por la legalidad del material contenido en los sitios listados en nuestros sitios de comparaci\u00f3n o que de otro modo est\u00e9n enlazados a sitios BBC.<\/p>\n<h2 id=\"10-aviso-legal-de-renuncia-de-responsabilidad\">10. Aviso Legal de Renuncia de Responsabilidad<\/h2>\n<p>El contenido, informaci\u00f3n, y todos los datos que constituyen material en los sitios de BBC se proporcionan sin garant\u00edas de ning\u00fan tipo. Renunciamos a todas las garant\u00edas en la mayor medida permitida por la ley aplicable. No garantizamos que nuestra informaci\u00f3n estar\u00e1 libre de errores o que no est\u00e9 desactualizada o no contenga materiales da\u00f1inos, virus o componentes similares. Usted asume el costo de cualquier problema sin excepci\u00f3n que se derive de su participaci\u00f3n en nuestros sitios.<\/p>\n<p>Expl\u00edcitamente renunciamos a la responsabilidad por la exactitud de la informaci\u00f3n que se encuentra en nuestros sitios. No podemos garantizar su satisfacci\u00f3n con cualquier producto o servicio en el que participe despu\u00e9s de abandonar nuestros sitios o con un sitio de terceros enlazado desde nuestros sitios. Por la presente usted renuncia a cualquier reclamaci\u00f3n contra nosotros con respecto a la informaci\u00f3n contenida en nuestros sitios o en sitios de terceros que est\u00e9n enlazados desde nuestros sitios.<\/p>\n<p>Le recomendamos que investigue apropiadamente la entidad con la cual va a hacer transacciones en cualquiera de esos sitios de terceros.<\/p>\n<h2 id=\"11-indemnizacion\">11. Indemnizaci\u00f3n<\/h2>\n<p>Por la presente usted manifiesta estar de acuerdo con indemnizarnos y a eximirnos de todas las p\u00e9rdidas acumuladas al acceder a nuestros sitios.<\/p>\n<h2 id=\"12-limitacion-de-responsabilidad\">12. Limitaci\u00f3n de responsabilidad<\/h2>\n<p>Bajo ninguna circunstancia, incluyendo pero no limit\u00e1ndose a la negligencia, seremos responsables ante usted, cualquier persona o cualquier entidad por cualquier da\u00f1o resultante, incluyendo pero no limit\u00e1ndose a ganancias perdidas, da\u00f1os personales, da\u00f1o a la propiedad o cualquier otra perdida, que resulte del uso de cualquier sitio o material de BBC.<\/p>\n<p>Adem\u00e1s, bajo ninguna circunstancia seremos nosotros, o nuestros socios, responsables por cualquier fallo en el servicio que se derive de causas m\u00e1s all\u00e1 de nuestro control razonable o de actos de fuerza mayor incluyendo pero no limit\u00e1ndose a equipo, electricidad y\/o fallas t\u00e9cnicas, disputas, disturbios, actos de dios, guerra o desastres naturales, acciones del gobierno u \u00f3rdenes de cortes extranjeras.<\/p>\n<p>Usted tambi\u00e9n manifiesta estar de acuerdo con que ni nosotros ni ninguna entidad relacionada con nosotros es responsable por cualquier incompatibilidad entre nuestros sitios y cualquier otro sitio de terceros, incluyendo pero no limit\u00e1ndose a nuestros socios operadores o por retrasos que usted experimente con las transacciones relacionadas a nuestros sitios. Las limitaciones de esta secci\u00f3n y de estos t\u00e9rminos aplican en la m\u00e1xima medida permitida por la ley.<\/p>\n<h2 id=\"13-cuestiones-de-jurisdiccion-y-competencia\">13. Cuestiones de jurisdicci\u00f3n y competencia<\/h2>\n<p>Usted manifiesta estar de acuerdo con que cualquier acci\u00f3n legal derivada de estos t\u00e9rminos ser\u00e1 presentada ante los tribunales de Irlanda.<\/p>\n<p>No declaramos que la informaci\u00f3n en cualquier sitio de BBC sea apropiada o est\u00e9 disponible para ser usada en ning\u00fan lugar en particular. Quienes deciden acceder a nuestros sitios lo hacen haci\u00e9ndose responsables por cumplir con las leyes aplicables en su jurisdicci\u00f3n local.<\/p>\n<h2 id=\"14-modificacion\">14. Modificaci\u00f3n<\/h2>\n<p>Nos reservamos el derecho de cambiar estos t\u00e9rminos en cualquier punto sin previo aviso. Usted, como usuario, deber\u00eda checar estos t\u00e9rminos y condiciones regularmente por si han sido cambiados.<\/p>\n<h2 id=\"15-rescision\">15. Rescisi\u00f3n<\/h2>\n<p>Estos t\u00e9rminos estar\u00e1n vigentes hasta que cualquiera de las partes los rescinda. Las partes en estos t\u00e9rminos son BBC y usted.<\/p>\n<p>Usted podr\u00e1 rescindir estos t\u00e9rminos en cualquier momento al no seguir usando los sitios de BBC y destruyendo todos los materiales a los que haya accedido a trav\u00e9s de sitios de BBC.<\/p>\n<p>Con respecto a usted, nosotros podremos rescindir estos t\u00e9rminos sin previo aviso y a nuestra sola discreci\u00f3n. En ese caso le solicitamos que cese el uso de los sitios de BBC.<\/p>\n<h2 id=\"16-disposiciones-generales\">16. Disposiciones generales<\/h2>\n<p>Estos t\u00e9rminos de uso ser\u00e1n interpretados de acuerdo a las leyes de Irlanda. Si alguna disposici\u00f3n dentro de estos t\u00e9rminos fuera considerada ilegal o inexequible por otro motivo, entonces esa disposici\u00f3n individual ser\u00e1 considerada como separable de estos t\u00e9rminos en su totalidad y no afectar\u00e1 la validez ni la exigibilidad de las disposiciones restantes dentro de estos t\u00e9rminos.<\/p>\n<p>No waiver of a provision within these terms shall be deemed to constitute a further waiver of that provision or another provision. You agree that any cause of action related to a BBC site must commence within 1 year of the cause of action otherwise this cause of action will be barred.<\/p>\n<h2 id=\"17-versiones-en-varios-idiomas\">17. Versiones en varios idiomas<\/h2>\n<p>Si hubiera alguna discrepancia entre la versi\u00f3n en idioma ingl\u00e9s de esta pol\u00edtica y la versi\u00f3n en cualquier otro idioma, prevalecer\u00e1 la versi\u00f3n en idioma ingl\u00e9s.<br \/>\nLa p\u00e1gina fue actualizada por \u00faltima vez el 14 de diciembre de 2020.<\/p>\n","protected":false},"excerpt":{"rendered":"<p>1. Introducci\u00f3n Bestbettingcasinos.com (\u201cBBC\u201d) y todas las entidades controladas por BBC ser\u00e1n colectivamente llamadas en este documento como &#8220;nosotros&#8221; o [&hellip;]<\/p>\n","protected":false},"author":15,"featured_media":0,"parent":0,"menu_order":0,"comment_status":"closed","ping_status":"closed","template":"","meta":{"_acf_changed":false,"footnotes":""},"class_list":["post-264","page","type-page","status-publish","hentry"],"acf":[],"yoast_head":"<!-- This site is optimized with the Yoast SEO plugin v26.9 - https:\/\/yoast.com\/product\/yoast-seo-wordpress\/ -->\n<title>T\u00e9rminos de Uso - BestBettingCasinos.com Mexico<\/title>\n<meta name=\"robots\" content=\"index, follow, max-snippet:-1, max-image-preview:large, max-video-preview:-1\" \/>\n<link rel=\"canonical\" href=\"https:\/\/bestbettingcasinos.com\/es-mx\/terminos-de-uso\/\" \/>\n<meta property=\"og:locale\" content=\"es_MX\" \/>\n<meta property=\"og:type\" content=\"article\" \/>\n<meta property=\"og:title\" content=\"T\u00e9rminos de Uso - BestBettingCasinos.com Mexico\" \/>\n<meta property=\"og:description\" content=\"1. Introducci\u00f3n Bestbettingcasinos.com (\u201cBBC\u201d) y todas las entidades controladas por BBC ser\u00e1n colectivamente llamadas en este documento como &#8220;nosotros&#8221; o [&hellip;]\" \/>\n<meta property=\"og:url\" content=\"https:\/\/bestbettingcasinos.com\/es-mx\/terminos-de-uso\/\" \/>\n<meta property=\"og:site_name\" content=\"BestBettingCasinos.com - Mexico\" \/>\n<meta name=\"twitter:card\" content=\"summary_large_image\" \/>\n<meta name=\"twitter:label1\" content=\"Est. reading time\" \/>\n\t<meta name=\"twitter:data1\" content=\"9 minutes\" \/>\n<script type=\"application\/ld+json\" class=\"yoast-schema-graph\">{\"@context\":\"https:\/\/schema.org\",\"@graph\":[{\"@type\":\"WebPage\",\"@id\":\"https:\/\/bestbettingcasinos.com\/es-mx\/terminos-de-uso\/\",\"url\":\"https:\/\/bestbettingcasinos.com\/es-mx\/terminos-de-uso\/\",\"name\":\"T\u00e9rminos de Uso - BestBettingCasinos.com Mexico\",\"isPartOf\":{\"@id\":\"https:\/\/bestbettingcasinos.com\/es-mx\/#website\"},\"datePublished\":\"2020-12-15T08:35:39+00:00\",\"breadcrumb\":{\"@id\":\"https:\/\/bestbettingcasinos.com\/es-mx\/terminos-de-uso\/#breadcrumb\"},\"inLanguage\":\"es-MX\",\"potentialAction\":[{\"@type\":\"ReadAction\",\"target\":[\"https:\/\/bestbettingcasinos.com\/es-mx\/terminos-de-uso\/\"]}]},{\"@type\":\"BreadcrumbList\",\"@id\":\"https:\/\/bestbettingcasinos.com\/es-mx\/terminos-de-uso\/#breadcrumb\",\"itemListElement\":[{\"@type\":\"ListItem\",\"position\":1,\"name\":\"Home\",\"item\":\"https:\/\/bestbettingcasinos.com\/es-mx\/\"},{\"@type\":\"ListItem\",\"position\":2,\"name\":\"T\u00e9rminos de Uso\"}]},{\"@type\":\"WebSite\",\"@id\":\"https:\/\/bestbettingcasinos.com\/es-mx\/#website\",\"url\":\"https:\/\/bestbettingcasinos.com\/es-mx\/\",\"name\":\"BestBettingCasinos.com - Mexico\",\"description\":\"\",\"potentialAction\":[{\"@type\":\"SearchAction\",\"target\":{\"@type\":\"EntryPoint\",\"urlTemplate\":\"https:\/\/bestbettingcasinos.com\/es-mx\/?s={search_term_string}\"},\"query-input\":{\"@type\":\"PropertyValueSpecification\",\"valueRequired\":true,\"valueName\":\"search_term_string\"}}],\"inLanguage\":\"es-MX\"}]}<\/script>\n<!-- \/ Yoast SEO plugin. -->","yoast_head_json":{"title":"T\u00e9rminos de Uso - BestBettingCasinos.com Mexico","robots":{"index":"index","follow":"follow","max-snippet":"max-snippet:-1","max-image-preview":"max-image-preview:large","max-video-preview":"max-video-preview:-1"},"canonical":"https:\/\/bestbettingcasinos.com\/es-mx\/terminos-de-uso\/","og_locale":"es_MX","og_type":"article","og_title":"T\u00e9rminos de Uso - BestBettingCasinos.com Mexico","og_description":"1. Introducci\u00f3n Bestbettingcasinos.com (\u201cBBC\u201d) y todas las entidades controladas por BBC ser\u00e1n colectivamente llamadas en este documento como &#8220;nosotros&#8221; o [&hellip;]","og_url":"https:\/\/bestbettingcasinos.com\/es-mx\/terminos-de-uso\/","og_site_name":"BestBettingCasinos.com - Mexico","twitter_card":"summary_large_image","twitter_misc":{"Est. reading time":"9 minutes"},"schema":{"@context":"https:\/\/schema.org","@graph":[{"@type":"WebPage","@id":"https:\/\/bestbettingcasinos.com\/es-mx\/terminos-de-uso\/","url":"https:\/\/bestbettingcasinos.com\/es-mx\/terminos-de-uso\/","name":"T\u00e9rminos de Uso - BestBettingCasinos.com Mexico","isPartOf":{"@id":"https:\/\/bestbettingcasinos.com\/es-mx\/#website"},"datePublished":"2020-12-15T08:35:39+00:00","breadcrumb":{"@id":"https:\/\/bestbettingcasinos.com\/es-mx\/terminos-de-uso\/#breadcrumb"},"inLanguage":"es-MX","potentialAction":[{"@type":"ReadAction","target":["https:\/\/bestbettingcasinos.com\/es-mx\/terminos-de-uso\/"]}]},{"@type":"BreadcrumbList","@id":"https:\/\/bestbettingcasinos.com\/es-mx\/terminos-de-uso\/#breadcrumb","itemListElement":[{"@type":"ListItem","position":1,"name":"Home","item":"https:\/\/bestbettingcasinos.com\/es-mx\/"},{"@type":"ListItem","position":2,"name":"T\u00e9rminos de Uso"}]},{"@type":"WebSite","@id":"https:\/\/bestbettingcasinos.com\/es-mx\/#website","url":"https:\/\/bestbettingcasinos.com\/es-mx\/","name":"BestBettingCasinos.com - Mexico","description":"","potentialAction":[{"@type":"SearchAction","target":{"@type":"EntryPoint","urlTemplate":"https:\/\/bestbettingcasinos.com\/es-mx\/?s={search_term_string}"},"query-input":{"@type":"PropertyValueSpecification","valueRequired":true,"valueName":"search_term_string"}}],"inLanguage":"es-MX"}]}},"_links":{"self":[{"href":"https:\/\/bestbettingcasinos.com\/es-mx\/wp-json\/wp\/v2\/pages\/264","targetHints":{"allow":["GET"]}}],"collection":[{"href":"https:\/\/bestbettingcasinos.com\/es-mx\/wp-json\/wp\/v2\/pages"}],"about":[{"href":"https:\/\/bestbettingcasinos.com\/es-mx\/wp-json\/wp\/v2\/types\/page"}],"author":[{"embeddable":true,"href":"https:\/\/bestbettingcasinos.com\/es-mx\/wp-json\/wp\/v2\/users\/15"}],"replies":[{"embeddable":true,"href":"https:\/\/bestbettingcasinos.com\/es-mx\/wp-json\/wp\/v2\/comments?post=264"}],"version-history":[{"count":0,"href":"https:\/\/bestbettingcasinos.com\/es-mx\/wp-json\/wp\/v2\/pages\/264\/revisions"}],"wp:attachment":[{"href":"https:\/\/bestbettingcasinos.com\/es-mx\/wp-json\/wp\/v2\/media?parent=264"}],"curies":[{"name":"wp","href":"https:\/\/api.w.org\/{rel}","templated":true}]}}