{"id":262,"date":"2020-12-15T09:16:59","date_gmt":"2020-12-15T08:16:59","guid":{"rendered":"https:\/\/bestbettingcasinos.com\/es-mx\/politica-de-privacidad\/"},"modified":"2025-02-11T10:28:09","modified_gmt":"2025-02-11T10:28:09","slug":"politica-de-privacidad","status":"publish","type":"page","link":"https:\/\/bestbettingcasinos.com\/es-mx\/politica-de-privacidad\/","title":{"rendered":"Pol\u00edtica de Privacidad"},"content":{"rendered":"<p>BestBettingCasinos.com (en lo sucesivo denominado \u201cBBC\u201d) es el controlador de datos bajo las leyes de protecci\u00f3n de datos aplicables. Bajo tales leyes, BBC es responsable por la custodia de sus datos personales y la protecci\u00f3n y el procesamiento de dichos datos. BBC es parte de Chambull Media Limited con registro en Unit 4, First Floor, Kilmeaden Business Centre, Kilmeaden, Waterford, Irlanda.<\/p>\n<p>Esta pol\u00edtica de privacidad describe como protegemos y procesamos la informaci\u00f3n que podr\u00eda considerarse como datos personales. Por favor l\u00e9ala cuidadosamente. Si no est\u00e1 de acuerdo con los contenidos de esta pol\u00edtica, debe descontinuar el uso de nuestro sitio web.<\/p>\n<p>Por favor tenga en cuenta que sus datos personales pueden ser guardados en bases de datos que pueden ser accedidas por compa\u00f1\u00edas distintas de BBC. En tales casos, todas las compa\u00f1\u00edas con tal acceso cumplir\u00e1n con los t\u00e9rminos y condiciones establecidos en esta pol\u00edtica.<\/p>\n<h2 id=\"datos-personales-que-usted-provee\">Datos personales que usted provee<\/h2>\n<p>Se puede acceder y usar este sitio web sin registro y sin proveer ning\u00fan dato personal.<\/p>\n<p>Puede optar por recibir informaci\u00f3n de nuestra parte sobre ofertas promocionales, incluyendo bonos, suscribi\u00e9ndose a nuestra lista de correo o a las notificaciones urgentes.<\/p>\n<p>Tiene el derecho a dejar de recibir tales comunicaciones en cualquier momento. Puede hacerlo escribi\u00e9ndonos o haciendo clic en el bot\u00f3n de &#8220;desuscribirse&#8221; en cualquier correo o notificaci\u00f3n urgente que reciba de parte nuestra.<\/p>\n<p>Si usted mantiene correspondencia con nosotros, podr\u00edamos mantener evidencia de dicha correspondencia.<\/p>\n<h2 id=\"datos-personales-que-reunimos-automaticamente\">Datos personales que reunimos autom\u00e1ticamente<\/h2>\n<p>Nosotros reunimos cierto tipo de informaci\u00f3n suya autom\u00e1ticamente mientras visita nuestro sitio web Incluyendo:<\/p>\n<ul>\n<li>Su direcci\u00f3n IP;<\/li>\n<li>El lugar desde d\u00f3nde accede a nuestro sitio web;<\/li>\n<li>La fecha y hora en que accedi\u00f3 a nuestro sitio web;<\/li>\n<li>El hardware, software o navegador de Internet que usa;<\/li>\n<li>Informaci\u00f3n sobre el sistema operativo de su computadora como la configuraci\u00f3n de idioma y la versi\u00f3n de las aplicaciones;<\/li>\n<li>Informaci\u00f3n sobre sus clics y p\u00e1ginas vistas;<\/li>\n<li>Datos que identifican su dispositivo m\u00f3vil y caracter\u00edsticas de rendimiento del mismo;<\/li>\n<\/ul>\n<h2 id=\"uso-de-datos-personales\">Uso de datos personales<\/h2>\n<p>Nosotros reunimos y analizamos los datos reunidos para mejorar el desempe\u00f1o de nuestro servicio y para entender como nuestros servicios son utilizados por nuestros usuarios.<\/p>\n<p>Podr\u00edamos reportar informaci\u00f3n agregada sobre las acciones y patrones de nuestros usuarios a terceros de una manera que no lo identifique individualmente.<\/p>\n<p>Enviamos correos promocionales y notificaciones urgentes sobre productos y servicios a quienes hayan optado por recibir tales comunicaciones. No compartiremos sus datos personales con terceros para efectos de mercadeo a no ser que tengamos su autorizaci\u00f3n expresa para tal efecto.<\/p>\n<h2 id=\"procesamiento-de-datos\">Procesamiento de datos<\/h2>\n<p>Nosotros procesamos los datos personales a trav\u00e9s de un n\u00famero de bases legales. Esas bases legales est\u00e1n descritas en el Art\u00edculo 6(1) del Reglamento General de Protecci\u00f3n de Datos.<\/p>\n<p>Sus datos pueden y podr\u00edan ser procesados provisto que hayamos obtenido su consentimiento para procesarlos para un prop\u00f3sito espec\u00edfico. Al procesar tales datos, en cualquier momento puede retirar su consentimiento contact\u00e1ndonos o haciendo clic en el bot\u00f3n de &#8220;desuscribir&#8221; cuando nosotros lo contactemos.<\/p>\n<ul>\n<li>Podr\u00edamos procesar datos personales necesarios para mantener el desempe\u00f1o de un contrato del cual el sujeto de los datos es parte.<\/li>\n<li>Podr\u00edamos procesar datos personales cuando la compa\u00f1\u00eda est\u00e9 sujeta a un deber legal que requiere el procesamiento de tales datos.<\/li>\n<li>Podr\u00edamos procesar datos personales en situaciones donde dicho procesamiento sea necesario y en los leg\u00edtimos intereses de nuestra compa\u00f1\u00eda. La excepci\u00f3n a este procesamiento se dar\u00e1 cuando tales intereses se vean anulados por los intereses y\/o derechos fundamentales de una persona identificada o identificable a la pertenezcan dichos datos personales.<\/li>\n<\/ul>\n<h2 id=\"uno-de-cookies\">Uno de cookies<\/h2>\n<p>Las cookies son paquetes de datos que se sirven a su computadora y que recuerdan su actividad mientras navega por un sitio web. El prop\u00f3sito de una cookie es ayudar a que un sitio web entienda su actividad. Nosotros usamos cookies para mejorar nuestro sitio web, por ejemplo, para mostrarle ofertas m\u00e1s relevantes para usted la pr\u00f3xima vez que visite nuestro sitio web. Al usar este sitio web, est\u00e1 dando su consentimiento sobre nuestra pol\u00edtica de cookies y sobre nuestro uso de las cookies. Usted podr\u00eda deshabilitar o borrar las cookies en las opciones de configuraci\u00f3n de su navegador, y muchos navegadores proporcionan excelentes gu\u00edas para ello, incluyendo:<\/p>\n<ul>\n<li>Internet Explorer: <a href=\"https:\/\/support.microsoft.com\/es-es\/windows\/administrar-cookies-en-microsoft-edge-ver-permitir-bloquear-eliminar-y-usar-168dab11-0753-043d-7c16-ede5947fc64d\">https:\/\/support.microsoft.com\/es-es\/windows\/eliminar-y-administrar-cookies-168dab11-0753-043d-7c16-ede5947fc64d<\/a><\/li>\n<li>Firefox: <a href=\"https:\/\/support.mozilla.org\/es\/kb\/limpia-la-cache-y-elimina-los-archivos-temporales-\">https:\/\/support.mozilla.org\/es\/kb\/limpia-la-cache-y-elimina-los-archivos-temporales-<\/a><\/li>\n<li>Chrome: <a href=\"https:\/\/support.google.com\/chrome\/answer\/95647?hl=es&amp;hlrm=es\">https:\/\/support.google.com\/chrome\/answer\/95647?hl=es&amp;hlrm=es<\/a><\/li>\n<li>Safari: <a href=\"https:\/\/support.apple.com\/es-mx\/105082\">https:\/\/support.apple.com\/es-mx\/HT201265<\/a><\/li>\n<li>Opera: <a title=\"\" href=\"https:\/\/blogs.opera.com\/tips-and-tricks\/2023\/04\/clean-browser-and-remove-trackers\/\">https:\/\/www.opera.com\/es\/use-cases\/clean-browser-and-remove-trackers<\/a><\/li>\n<\/ul>\n<h2 id=\"tipos-de-cookies\">Tipos de Cookies<\/h2>\n<p>Las &#8220;cookies de origen&#8221; son cookies servidas por BBC o por le entidad que opera el dominio.<br \/>\nLas &#8220;cookies de terceros&#8221; son los servicios que tienen permitido servir cookies a trav\u00e9s de nuestro dominio. A continuaci\u00f3n hay m\u00e1s informaci\u00f3n sobre las cookies comunes que usamos y alguna informaci\u00f3n b\u00e1sica sobre c\u00f3mo son utilizadas.<\/p>\n<ul>\n<li><strong>Google Analytics<\/strong> \u2013 colocada por Google. Es una cookie de terceros que nos proporciona informaci\u00f3n de an\u00e1lisis sobre el uso de nuestro sitio. La duraci\u00f3n de esta cookie es dos a\u00f1os. Para optar por no participar, por favor visite https:\/\/tools.google.com\/dlpage\/gaoptout<\/li>\n<li><strong>Cloudflare<\/strong> \u2013 colocada por Cloudflare. Esta cookie es necesaria para los servicios de seguridad de Cloudflare. No almacena ninguna informaci\u00f3n personalmente identificable. Esta cookie tiene una duraci\u00f3n de 12 meses.<\/li>\n<li><strong>Aweber Systems, Inc.<\/strong>, con base en Estados Unidos, qui\u00e9nes est\u00e1n certificados por Privacy Shield y procesan datos personales a nombre nuestro para prop\u00f3sitos de env\u00edo de correos;<\/li>\n<\/ul>\n<p>&nbsp;<\/p>\n<p>Por favor tenga en cuenta que nuestros anunciantes usan cookies y nosotros no tenemos control sobre esas cookies.<\/p>\n<p>Si tiene m\u00e1s preguntas relacionadas a los datos personales, privacidad y cookies, por favor cont\u00e1ctenos en <a href=\"mailto:info@bestbettingcasinos.com\">info@bestbettingcasinos.com<\/a>.<\/p>\n","protected":false},"excerpt":{"rendered":"<p>BestBettingCasinos.com (en lo sucesivo denominado \u201cBBC\u201d) es el controlador de datos bajo las leyes de protecci\u00f3n de datos aplicables. Bajo [&hellip;]<\/p>\n","protected":false},"author":15,"featured_media":0,"parent":0,"menu_order":0,"comment_status":"closed","ping_status":"closed","template":"","meta":{"_acf_changed":false,"footnotes":""},"class_list":["post-262","page","type-page","status-publish","hentry"],"acf":[],"yoast_head":"<!-- This site is optimized with the Yoast SEO plugin v26.9 - https:\/\/yoast.com\/product\/yoast-seo-wordpress\/ -->\n<title>Pol\u00edtica De Privacidad - BestBettingCasinos.com Mexico<\/title>\n<meta name=\"description\" content=\"Esta pol\u00edtica de privacidad describe como protegemos y procesamos la informaci\u00f3n que podr\u00eda considerarse como datos personales.\" \/>\n<meta name=\"robots\" content=\"index, follow, max-snippet:-1, max-image-preview:large, max-video-preview:-1\" \/>\n<link rel=\"canonical\" href=\"https:\/\/bestbettingcasinos.com\/es-mx\/politica-de-privacidad\/\" \/>\n<meta property=\"og:locale\" content=\"es_MX\" \/>\n<meta property=\"og:type\" content=\"article\" \/>\n<meta property=\"og:title\" content=\"Pol\u00edtica De Privacidad - BestBettingCasinos.com Mexico\" \/>\n<meta property=\"og:description\" content=\"Esta pol\u00edtica de privacidad describe como protegemos y procesamos la informaci\u00f3n que podr\u00eda considerarse como datos personales.\" \/>\n<meta property=\"og:url\" content=\"https:\/\/bestbettingcasinos.com\/es-mx\/politica-de-privacidad\/\" \/>\n<meta property=\"og:site_name\" content=\"BestBettingCasinos.com - Mexico\" \/>\n<meta property=\"article:modified_time\" content=\"2025-02-11T10:28:09+00:00\" \/>\n<meta name=\"twitter:card\" content=\"summary_large_image\" \/>\n<meta name=\"twitter:label1\" content=\"Est. reading time\" \/>\n\t<meta name=\"twitter:data1\" content=\"5 minutes\" \/>\n<script type=\"application\/ld+json\" class=\"yoast-schema-graph\">{\"@context\":\"https:\/\/schema.org\",\"@graph\":[{\"@type\":\"WebPage\",\"@id\":\"https:\/\/bestbettingcasinos.com\/es-mx\/politica-de-privacidad\/\",\"url\":\"https:\/\/bestbettingcasinos.com\/es-mx\/politica-de-privacidad\/\",\"name\":\"Pol\u00edtica De Privacidad - BestBettingCasinos.com Mexico\",\"isPartOf\":{\"@id\":\"https:\/\/bestbettingcasinos.com\/es-mx\/#website\"},\"datePublished\":\"2020-12-15T08:16:59+00:00\",\"dateModified\":\"2025-02-11T10:28:09+00:00\",\"description\":\"Esta pol\u00edtica de privacidad describe como protegemos y procesamos la informaci\u00f3n que podr\u00eda considerarse como datos personales.\",\"breadcrumb\":{\"@id\":\"https:\/\/bestbettingcasinos.com\/es-mx\/politica-de-privacidad\/#breadcrumb\"},\"inLanguage\":\"es-MX\",\"potentialAction\":[{\"@type\":\"ReadAction\",\"target\":[\"https:\/\/bestbettingcasinos.com\/es-mx\/politica-de-privacidad\/\"]}]},{\"@type\":\"BreadcrumbList\",\"@id\":\"https:\/\/bestbettingcasinos.com\/es-mx\/politica-de-privacidad\/#breadcrumb\",\"itemListElement\":[{\"@type\":\"ListItem\",\"position\":1,\"name\":\"Home\",\"item\":\"https:\/\/bestbettingcasinos.com\/es-mx\/\"},{\"@type\":\"ListItem\",\"position\":2,\"name\":\"Pol\u00edtica de Privacidad\"}]},{\"@type\":\"WebSite\",\"@id\":\"https:\/\/bestbettingcasinos.com\/es-mx\/#website\",\"url\":\"https:\/\/bestbettingcasinos.com\/es-mx\/\",\"name\":\"BestBettingCasinos.com - Mexico\",\"description\":\"\",\"potentialAction\":[{\"@type\":\"SearchAction\",\"target\":{\"@type\":\"EntryPoint\",\"urlTemplate\":\"https:\/\/bestbettingcasinos.com\/es-mx\/?s={search_term_string}\"},\"query-input\":{\"@type\":\"PropertyValueSpecification\",\"valueRequired\":true,\"valueName\":\"search_term_string\"}}],\"inLanguage\":\"es-MX\"}]}<\/script>\n<!-- \/ Yoast SEO plugin. -->","yoast_head_json":{"title":"Pol\u00edtica De Privacidad - BestBettingCasinos.com Mexico","description":"Esta pol\u00edtica de privacidad describe como protegemos y procesamos la informaci\u00f3n que podr\u00eda considerarse como datos personales.","robots":{"index":"index","follow":"follow","max-snippet":"max-snippet:-1","max-image-preview":"max-image-preview:large","max-video-preview":"max-video-preview:-1"},"canonical":"https:\/\/bestbettingcasinos.com\/es-mx\/politica-de-privacidad\/","og_locale":"es_MX","og_type":"article","og_title":"Pol\u00edtica De Privacidad - BestBettingCasinos.com Mexico","og_description":"Esta pol\u00edtica de privacidad describe como protegemos y procesamos la informaci\u00f3n que podr\u00eda considerarse como datos personales.","og_url":"https:\/\/bestbettingcasinos.com\/es-mx\/politica-de-privacidad\/","og_site_name":"BestBettingCasinos.com - Mexico","article_modified_time":"2025-02-11T10:28:09+00:00","twitter_card":"summary_large_image","twitter_misc":{"Est. reading time":"5 minutes"},"schema":{"@context":"https:\/\/schema.org","@graph":[{"@type":"WebPage","@id":"https:\/\/bestbettingcasinos.com\/es-mx\/politica-de-privacidad\/","url":"https:\/\/bestbettingcasinos.com\/es-mx\/politica-de-privacidad\/","name":"Pol\u00edtica De Privacidad - BestBettingCasinos.com Mexico","isPartOf":{"@id":"https:\/\/bestbettingcasinos.com\/es-mx\/#website"},"datePublished":"2020-12-15T08:16:59+00:00","dateModified":"2025-02-11T10:28:09+00:00","description":"Esta pol\u00edtica de privacidad describe como protegemos y procesamos la informaci\u00f3n que podr\u00eda considerarse como datos personales.","breadcrumb":{"@id":"https:\/\/bestbettingcasinos.com\/es-mx\/politica-de-privacidad\/#breadcrumb"},"inLanguage":"es-MX","potentialAction":[{"@type":"ReadAction","target":["https:\/\/bestbettingcasinos.com\/es-mx\/politica-de-privacidad\/"]}]},{"@type":"BreadcrumbList","@id":"https:\/\/bestbettingcasinos.com\/es-mx\/politica-de-privacidad\/#breadcrumb","itemListElement":[{"@type":"ListItem","position":1,"name":"Home","item":"https:\/\/bestbettingcasinos.com\/es-mx\/"},{"@type":"ListItem","position":2,"name":"Pol\u00edtica de Privacidad"}]},{"@type":"WebSite","@id":"https:\/\/bestbettingcasinos.com\/es-mx\/#website","url":"https:\/\/bestbettingcasinos.com\/es-mx\/","name":"BestBettingCasinos.com - Mexico","description":"","potentialAction":[{"@type":"SearchAction","target":{"@type":"EntryPoint","urlTemplate":"https:\/\/bestbettingcasinos.com\/es-mx\/?s={search_term_string}"},"query-input":{"@type":"PropertyValueSpecification","valueRequired":true,"valueName":"search_term_string"}}],"inLanguage":"es-MX"}]}},"_links":{"self":[{"href":"https:\/\/bestbettingcasinos.com\/es-mx\/wp-json\/wp\/v2\/pages\/262","targetHints":{"allow":["GET"]}}],"collection":[{"href":"https:\/\/bestbettingcasinos.com\/es-mx\/wp-json\/wp\/v2\/pages"}],"about":[{"href":"https:\/\/bestbettingcasinos.com\/es-mx\/wp-json\/wp\/v2\/types\/page"}],"author":[{"embeddable":true,"href":"https:\/\/bestbettingcasinos.com\/es-mx\/wp-json\/wp\/v2\/users\/15"}],"replies":[{"embeddable":true,"href":"https:\/\/bestbettingcasinos.com\/es-mx\/wp-json\/wp\/v2\/comments?post=262"}],"version-history":[{"count":3,"href":"https:\/\/bestbettingcasinos.com\/es-mx\/wp-json\/wp\/v2\/pages\/262\/revisions"}],"predecessor-version":[{"id":517,"href":"https:\/\/bestbettingcasinos.com\/es-mx\/wp-json\/wp\/v2\/pages\/262\/revisions\/517"}],"wp:attachment":[{"href":"https:\/\/bestbettingcasinos.com\/es-mx\/wp-json\/wp\/v2\/media?parent=262"}],"curies":[{"name":"wp","href":"https:\/\/api.w.org\/{rel}","templated":true}]}}