{"id":261,"date":"2023-11-24T12:39:19","date_gmt":"2023-11-24T11:39:19","guid":{"rendered":"https:\/\/bestbettingcasinos.com\/es-mx\/nuestro-equipo\/"},"modified":"2023-11-24T12:39:19","modified_gmt":"2023-11-24T11:39:19","slug":"nuestro-equipo","status":"publish","type":"page","link":"https:\/\/bestbettingcasinos.com\/es-mx\/nuestro-equipo\/","title":{"rendered":"Nuestro equipo &#8211; el n\u00facleo de nuestro equipo de escritores"},"content":{"rendered":"<p>Desde la fundaci\u00f3n de BestBettingCasinos.com all\u00e1 por 2015 hemos reunido a un mont\u00f3n de gente guapa y maravillosa por el camino.<\/p>\n<p>Nuestro equipo est\u00e1 formado por un excelente colectivo de expertos de la industria, escritores creativos, magos de la tecnolog\u00eda, traductores y m\u00e1s.<\/p>\n<p>Si quieres saber m\u00e1s sobre todos los colaboradores de BestBettingCasinos.com, echa un vistazo al n\u00facleo de nuestro equipo a continuaci\u00f3n.<\/p>\n\n","protected":false},"excerpt":{"rendered":"<p>Desde la fundaci\u00f3n de BestBettingCasinos.com all\u00e1 por 2015 hemos reunido a un mont\u00f3n de gente guapa y maravillosa por el [&hellip;]<\/p>\n","protected":false},"author":3,"featured_media":0,"parent":0,"menu_order":0,"comment_status":"closed","ping_status":"closed","template":"","meta":{"_acf_changed":false,"footnotes":""},"class_list":["post-261","page","type-page","status-publish","hentry"],"acf":[],"yoast_head":"<!-- This site is optimized with the Yoast SEO plugin v26.9 - https:\/\/yoast.com\/product\/yoast-seo-wordpress\/ -->\n<title>Nuestro equipo - el n\u00facleo de nuestro equipo de escritores<\/title>\n<meta name=\"description\" content=\"Desde la fundaci\u00f3n de BestBettingCasinos.com all\u00e1 por 2015 hemos reunido a un mont\u00f3n de gente guapa y maravillosa por el camino.\" \/>\n<meta name=\"robots\" content=\"index, follow, max-snippet:-1, max-image-preview:large, max-video-preview:-1\" \/>\n<link rel=\"canonical\" href=\"https:\/\/bestbettingcasinos.com\/es-mx\/nuestro-equipo\/\" \/>\n<meta property=\"og:locale\" content=\"es_MX\" \/>\n<meta property=\"og:type\" content=\"article\" \/>\n<meta property=\"og:title\" content=\"Nuestro equipo - el n\u00facleo de nuestro equipo de escritores\" \/>\n<meta property=\"og:description\" content=\"Desde la fundaci\u00f3n de BestBettingCasinos.com all\u00e1 por 2015 hemos reunido a un mont\u00f3n de gente guapa y maravillosa por el camino.\" \/>\n<meta property=\"og:url\" content=\"https:\/\/bestbettingcasinos.com\/es-mx\/nuestro-equipo\/\" \/>\n<meta property=\"og:site_name\" content=\"BestBettingCasinos.com - Mexico\" \/>\n<meta name=\"twitter:card\" content=\"summary_large_image\" \/>\n<script type=\"application\/ld+json\" class=\"yoast-schema-graph\">{\"@context\":\"https:\/\/schema.org\",\"@graph\":[{\"@type\":\"WebPage\",\"@id\":\"https:\/\/bestbettingcasinos.com\/es-mx\/nuestro-equipo\/\",\"url\":\"https:\/\/bestbettingcasinos.com\/es-mx\/nuestro-equipo\/\",\"name\":\"Nuestro equipo - el n\u00facleo de nuestro equipo de escritores\",\"isPartOf\":{\"@id\":\"https:\/\/bestbettingcasinos.com\/es-mx\/#website\"},\"datePublished\":\"2023-11-24T11:39:19+00:00\",\"description\":\"Desde la fundaci\u00f3n de BestBettingCasinos.com all\u00e1 por 2015 hemos reunido a un mont\u00f3n de gente guapa y maravillosa por el camino.\",\"breadcrumb\":{\"@id\":\"https:\/\/bestbettingcasinos.com\/es-mx\/nuestro-equipo\/#breadcrumb\"},\"inLanguage\":\"es-MX\",\"potentialAction\":[{\"@type\":\"ReadAction\",\"target\":[\"https:\/\/bestbettingcasinos.com\/es-mx\/nuestro-equipo\/\"]}]},{\"@type\":\"BreadcrumbList\",\"@id\":\"https:\/\/bestbettingcasinos.com\/es-mx\/nuestro-equipo\/#breadcrumb\",\"itemListElement\":[{\"@type\":\"ListItem\",\"position\":1,\"name\":\"Home\",\"item\":\"https:\/\/bestbettingcasinos.com\/es-mx\/\"},{\"@type\":\"ListItem\",\"position\":2,\"name\":\"Nuestro equipo &#8211; el n\u00facleo de nuestro equipo de escritores\"}]},{\"@type\":\"WebSite\",\"@id\":\"https:\/\/bestbettingcasinos.com\/es-mx\/#website\",\"url\":\"https:\/\/bestbettingcasinos.com\/es-mx\/\",\"name\":\"BestBettingCasinos.com - Mexico\",\"description\":\"\",\"potentialAction\":[{\"@type\":\"SearchAction\",\"target\":{\"@type\":\"EntryPoint\",\"urlTemplate\":\"https:\/\/bestbettingcasinos.com\/es-mx\/?s={search_term_string}\"},\"query-input\":{\"@type\":\"PropertyValueSpecification\",\"valueRequired\":true,\"valueName\":\"search_term_string\"}}],\"inLanguage\":\"es-MX\"}]}<\/script>\n<!-- \/ Yoast SEO plugin. -->","yoast_head_json":{"title":"Nuestro equipo - el n\u00facleo de nuestro equipo de escritores","description":"Desde la fundaci\u00f3n de BestBettingCasinos.com all\u00e1 por 2015 hemos reunido a un mont\u00f3n de gente guapa y maravillosa por el camino.","robots":{"index":"index","follow":"follow","max-snippet":"max-snippet:-1","max-image-preview":"max-image-preview:large","max-video-preview":"max-video-preview:-1"},"canonical":"https:\/\/bestbettingcasinos.com\/es-mx\/nuestro-equipo\/","og_locale":"es_MX","og_type":"article","og_title":"Nuestro equipo - el n\u00facleo de nuestro equipo de escritores","og_description":"Desde la fundaci\u00f3n de BestBettingCasinos.com all\u00e1 por 2015 hemos reunido a un mont\u00f3n de gente guapa y maravillosa por el camino.","og_url":"https:\/\/bestbettingcasinos.com\/es-mx\/nuestro-equipo\/","og_site_name":"BestBettingCasinos.com - Mexico","twitter_card":"summary_large_image","schema":{"@context":"https:\/\/schema.org","@graph":[{"@type":"WebPage","@id":"https:\/\/bestbettingcasinos.com\/es-mx\/nuestro-equipo\/","url":"https:\/\/bestbettingcasinos.com\/es-mx\/nuestro-equipo\/","name":"Nuestro equipo - el n\u00facleo de nuestro equipo de escritores","isPartOf":{"@id":"https:\/\/bestbettingcasinos.com\/es-mx\/#website"},"datePublished":"2023-11-24T11:39:19+00:00","description":"Desde la fundaci\u00f3n de BestBettingCasinos.com all\u00e1 por 2015 hemos reunido a un mont\u00f3n de gente guapa y maravillosa por el camino.","breadcrumb":{"@id":"https:\/\/bestbettingcasinos.com\/es-mx\/nuestro-equipo\/#breadcrumb"},"inLanguage":"es-MX","potentialAction":[{"@type":"ReadAction","target":["https:\/\/bestbettingcasinos.com\/es-mx\/nuestro-equipo\/"]}]},{"@type":"BreadcrumbList","@id":"https:\/\/bestbettingcasinos.com\/es-mx\/nuestro-equipo\/#breadcrumb","itemListElement":[{"@type":"ListItem","position":1,"name":"Home","item":"https:\/\/bestbettingcasinos.com\/es-mx\/"},{"@type":"ListItem","position":2,"name":"Nuestro equipo &#8211; el n\u00facleo de nuestro equipo de escritores"}]},{"@type":"WebSite","@id":"https:\/\/bestbettingcasinos.com\/es-mx\/#website","url":"https:\/\/bestbettingcasinos.com\/es-mx\/","name":"BestBettingCasinos.com - Mexico","description":"","potentialAction":[{"@type":"SearchAction","target":{"@type":"EntryPoint","urlTemplate":"https:\/\/bestbettingcasinos.com\/es-mx\/?s={search_term_string}"},"query-input":{"@type":"PropertyValueSpecification","valueRequired":true,"valueName":"search_term_string"}}],"inLanguage":"es-MX"}]}},"_links":{"self":[{"href":"https:\/\/bestbettingcasinos.com\/es-mx\/wp-json\/wp\/v2\/pages\/261","targetHints":{"allow":["GET"]}}],"collection":[{"href":"https:\/\/bestbettingcasinos.com\/es-mx\/wp-json\/wp\/v2\/pages"}],"about":[{"href":"https:\/\/bestbettingcasinos.com\/es-mx\/wp-json\/wp\/v2\/types\/page"}],"author":[{"embeddable":true,"href":"https:\/\/bestbettingcasinos.com\/es-mx\/wp-json\/wp\/v2\/users\/3"}],"replies":[{"embeddable":true,"href":"https:\/\/bestbettingcasinos.com\/es-mx\/wp-json\/wp\/v2\/comments?post=261"}],"version-history":[{"count":0,"href":"https:\/\/bestbettingcasinos.com\/es-mx\/wp-json\/wp\/v2\/pages\/261\/revisions"}],"wp:attachment":[{"href":"https:\/\/bestbettingcasinos.com\/es-mx\/wp-json\/wp\/v2\/media?parent=261"}],"curies":[{"name":"wp","href":"https:\/\/api.w.org\/{rel}","templated":true}]}}