{"id":1017,"date":"2025-12-17T12:13:54","date_gmt":"2025-12-17T12:13:54","guid":{"rendered":"https:\/\/bestbettingcasinos.com\/es-mx\/?page_id=1017"},"modified":"2025-12-17T12:14:43","modified_gmt":"2025-12-17T12:14:43","slug":"directrices-editoriales","status":"publish","type":"page","link":"https:\/\/bestbettingcasinos.com\/es-mx\/directrices-editoriales\/","title":{"rendered":"Directrices editoriales: qu\u00e9 puedes sperar de nuestro contenido"},"content":{"rendered":"\n<p>En BestBettingCasinos.com\/es-mx, nuestra misi\u00f3n es clara y directa: ayudar a los jugadores de M\u00e9xico a tomar decisiones informadas al elegir casinos en l\u00ednea y plataformas de apuestas. Entendemos lo abrumador que puede ser navegar en el mundo de los bonos, los t\u00e9rminos y condiciones, y las rese\u00f1as de casinos. Por eso, nos comprometemos a ofrecer contenido transparente, equilibrado y honesto en el que puedas confiar.<\/p>\n\n\n\n<p>Pero, \u00bfqu\u00e9 directrices seguimos para asegurarnos de que obtengas la visi\u00f3n m\u00e1s completa y justa de cualquier plataforma de juego? A continuaci\u00f3n, te explicamos c\u00f3mo trabajamos para ofrecerte evaluaciones imparciales de casinos en l\u00ednea y casas de apuestas deportivas en M\u00e9xico.<\/p>\n\n\n\n<h2 id=\"resenas-independientes-e-imparciales\" class=\"wp-block-heading has-very-light-gray-to-cyan-bluish-gray-gradient-background has-background\">Rese\u00f1as independientes e imparciales<\/h2>\n\n\n\n<p>Nuestras rese\u00f1as son escritas por jugadores de casino experimentados que entienden la industria desde adentro. No promocionamos ciegamente todas las plataformas. En cambio, hacemos las preguntas dif\u00edciles, evaluamos los comentarios de otros jugadores, probamos las caracter\u00edsticas de primera mano y desglosamos lo que realmente importa. Desde los t\u00e9rminos de los bonos y los requisitos de apuesta, hasta la transparencia de las licencias (como las de la SEGOB) y la calidad del soporte.<\/p>\n\n\n\n<figure class=\"wp-block-image size-full\"><img decoding=\"async\" src=\"https:\/\/bestbettingcasinos.com\/wp-content\/uploads\/online-gambling-license.png\" alt=\"Rese\u00f1as independientes e imparciales\" class=\"wp-image-8032\" title=\"Rese\u00f1as independientes e imparciales\"\/><\/figure>\n\n\n\n<p>Cuando elogiamos un casino, es porque se lo merece. Cuando lo criticamos, es porque los jugadores merecen la verdad.<\/p>\n\n\n\n<h2 id=\"criticos-no-solo-promocionales\" class=\"wp-block-heading has-very-light-gray-to-cyan-bluish-gray-gradient-background has-background\">Cr\u00edticos, no solo promocionales<\/h2>\n\n\n\n<p>Mientras que otros sitios de casinos pueden enfocarse \u00fanicamente en mostrar lo bueno, nosotros cubrimos tanto los pros como los contras. Resaltamos caracter\u00edsticas emocionantes como bonos generosos o grandes colecciones de juegos, pero no dudamos en se\u00f1alar problemas como:<\/p>\n\n\n\n<ul class=\"wp-block-list\">\n<li>Retrasos en los retiros de ganancias.<\/li>\n\n\n\n<li>T\u00e1cticas de marketing agresivas.<\/li>\n\n\n\n<li>Soporte al cliente deficiente.<\/li>\n\n\n\n<li>Pr\u00e1cticas de licenciamiento cuestionables o falta de licencia de la SEGOB.<\/li>\n<\/ul>\n\n\n\n<p>A menudo ver\u00e1s declaraciones como:<\/p>\n\n\n\n<p>\u201cEste bono parece atractivo, pero el corto plazo para reclamarlo y los altos requisitos de apuesta (rollover) podr\u00edan ser una desventaja para muchos jugadores en M\u00e9xico.\u201d<\/p>\n\n\n\n<p>O tambi\u00e9n:<\/p>\n\n\n\n<p>\u201cEste casino tiene potencial, pero recomendamos encarecidamente comenzar con un dep\u00f3sito peque\u00f1o para probar su fiabilidad antes de arriesgar m\u00e1s dinero.\u201d<\/p>\n\n\n\n<p>Eso no es palabrer\u00eda de marketing, es un consejo honesto de alguien que ha estado en tu lugar.<\/p>\n\n\n\n<h2 id=\"la-opinion-de-los-jugadores-reales-importa\" class=\"wp-block-heading has-very-light-gray-to-cyan-bluish-gray-gradient-background has-background\">La opini\u00f3n de los jugadores reales importa<\/h2>\n\n\n\n<p>No nos basamos \u00fanicamente en lo que los casinos nos dicen. Buscamos activamente las opiniones de los jugadores, tanto positivas como negativas, y las incluimos en nuestro an\u00e1lisis. Esto nos ayuda a pintar una imagen m\u00e1s precisa de lo que puedes esperar como un jugador real.<\/p>\n\n\n\n<figure class=\"wp-block-image size-full\"><img decoding=\"async\" src=\"https:\/\/bestbettingcasinos.com\/wp-content\/uploads\/7bit-casino-trustpilot.png\" alt=\"La opini\u00f3n de los jugadores reales importa\" class=\"wp-image-7926\" title=\"La opini\u00f3n de los jugadores reales importa\"\/><\/figure>\n\n\n\n<p>Cuando los comentarios de los usuarios son abrumadoramente negativos, no los ignoramos ni los endulzamos. Te diremos exactamente lo que los jugadores est\u00e1n diciendo y si debes o no proceder con precauci\u00f3n.<\/p>\n\n\n\n<h2 id=\"tono-humano-experiencia-personal\" class=\"wp-block-heading has-very-light-gray-to-cyan-bluish-gray-gradient-background has-background\">Tono humano, experiencia personal<\/h2>\n\n\n\n<p>Nuestro contenido no es escrito por bots ni subcontratado a escritores sin rostro. Cada rese\u00f1a y gu\u00eda se crea con un toque personal. Decimos cosas como:<\/p>\n\n\n\n<p>\u201cEn nuestra opini\u00f3n, el tiempo de respuesta del soporte necesita una mejora seria.\u201d<\/p>\n\n\n\n<p>Este tono personal es parte de lo que nos hace diferentes. Te recuerda que hay una persona real detr\u00e1s del contenido, d\u00e1ndote consejos honestos y basados en la experiencia.<\/p>\n\n\n\n<h2 id=\"leemos-la-letra-pequena-para-que-usted-no-tenga-que-hacerlo\" class=\"wp-block-heading has-very-light-gray-to-cyan-bluish-gray-gradient-background has-background\">Leemos la letra peque\u00f1a para que usted no tenga que hacerlo<\/h2>\n\n\n\n<p>Nuestro equipo se sumerge a fondo en los t\u00e9rminos y condiciones de cada casino. Desglosamos los requisitos de los bonos, las pol\u00edticas de pago, los beneficios VIP y las restricciones de los juegos en informaci\u00f3n clara y f\u00e1cil de entender.<\/p>\n\n\n\n<p>Destacamos cl\u00e1usulas importantes como:<\/p>\n\n\n\n<ul class=\"wp-block-list\">\n<li>Requisitos de apuesta (rollover) en los giros gratis.<\/li>\n\n\n\n<li>L\u00edmites de retiro espec\u00edficos para M\u00e9xico.<\/li>\n\n\n\n<li>Exclusiones de m\u00e9todos de pago para ciertas promociones.<\/li>\n\n\n\n<li>Pol\u00edticas de Juego Responsable (o la falta de ellas).<\/li>\n<\/ul>\n\n\n\n<p>Si algo parece injusto, lo decimos sin rodeos.<\/p>\n\n\n\n<h2 id=\"transparencia-y-responsabilidad\" class=\"wp-block-heading has-very-light-gray-to-cyan-bluish-gray-gradient-background has-background\">Transparencia y responsabilidad<\/h2>\n\n\n\n<p>Creemos en el juego responsable y solo listamos casinos que aceptan jugadores mayores de 18 a\u00f1os y ofrecen entornos seguros. Si un casino carece de herramientas integradas para ayudarte a establecer l\u00edmites o autoexcluirte, lo dejaremos claro.<\/p>\n\n\n\n<p>Tambi\u00e9n mantenemos nuestra informaci\u00f3n sobre licencias actualizada y esperamos que los casinos que presentamos hagan lo mismo. Para el mercado mexicano, la licencia de la Secretar\u00eda de Gobernaci\u00f3n (SEGOB) es un factor clave que siempre verificamos.<\/p>\n\n\n\n<h2 id=\"conclusion-creado-para-jugadores-no-solo-para-obtener-ganancias\" class=\"wp-block-heading has-very-light-gray-to-cyan-bluish-gray-gradient-background has-background\">Conclusi\u00f3n: creado para jugadores, no solo para obtener ganancias<\/h2>\n\n\n\n<p>Nuestro objetivo n\u00famero uno es ayudar a los jugadores a encontrar lugares seguros, divertidos y justos para jugar. Ya seas un apostador experimentado o un principiante curioso, queremos que te sientas seguro de que la informaci\u00f3n que est\u00e1s leyendo es precisa, imparcial y creada pensando en tus mejores intereses.<\/p>\n\n\n\n<p>Animamos a nuestros lectores a comenzar con dep\u00f3sitos peque\u00f1os, leer siempre la letra peque\u00f1a y solo jugar en casinos con los que realmente se sientan c\u00f3modos.<\/p>\n\n\n\n<p>Si alguna vez tienes preguntas, comentarios o inquietudes sobre un casino que hemos rese\u00f1ado, \u00a1cont\u00e1ctanos! Siempre estamos buscando mejorar y mantener la transparencia con nuestra comunidad de jugadores en M\u00e9xico.<\/p>\n\n\n\n<figure class=\"wp-block-image size-large\"><img decoding=\"async\" src=\"https:\/\/bestbettingcasinos.com\/wp-content\/uploads\/bestbettingcasinos-website-1024x576.png\" alt=\"BestBettingCasinos.com - built for players, not just profit\" class=\"wp-image-8099\" title=\"BestBettingCasinos.com - built for players, not just profit\"\/><\/figure>\n","protected":false},"excerpt":{"rendered":"<p>En BestBettingCasinos.com\/es-mx, nuestra misi\u00f3n es clara y directa: ayudar a los jugadores de M\u00e9xico a tomar decisiones informadas al elegir [&hellip;]<\/p>\n","protected":false},"author":3,"featured_media":0,"parent":0,"menu_order":0,"comment_status":"closed","ping_status":"closed","template":"","meta":{"_acf_changed":false,"footnotes":""},"class_list":["post-1017","page","type-page","status-publish","hentry"],"acf":[],"yoast_head":"<!-- This site is optimized with the Yoast SEO plugin v26.9 - https:\/\/yoast.com\/product\/yoast-seo-wordpress\/ -->\n<title>Directrices editoriales: qu\u00e9 puedes sperar de nuestro contenido<\/title>\n<meta name=\"description\" content=\"Nuestra misi\u00f3n es ayudar a los jugadores mexicanos a elegir casinos en l\u00ednea y plataformas de apuestas de forma informada y segura.\" \/>\n<meta name=\"robots\" content=\"index, follow, max-snippet:-1, max-image-preview:large, max-video-preview:-1\" \/>\n<link rel=\"canonical\" href=\"https:\/\/bestbettingcasinos.com\/es-mx\/directrices-editoriales\/\" \/>\n<meta property=\"og:locale\" content=\"es_MX\" \/>\n<meta property=\"og:type\" content=\"article\" \/>\n<meta property=\"og:title\" content=\"Directrices editoriales: qu\u00e9 puedes sperar de nuestro contenido\" \/>\n<meta property=\"og:description\" content=\"Nuestra misi\u00f3n es ayudar a los jugadores mexicanos a elegir casinos en l\u00ednea y plataformas de apuestas de forma informada y segura.\" \/>\n<meta property=\"og:url\" content=\"https:\/\/bestbettingcasinos.com\/es-mx\/directrices-editoriales\/\" \/>\n<meta property=\"og:site_name\" content=\"BestBettingCasinos.com - Mexico\" \/>\n<meta property=\"article:modified_time\" content=\"2025-12-17T12:14:43+00:00\" \/>\n<meta name=\"twitter:card\" content=\"summary_large_image\" \/>\n<meta name=\"twitter:label1\" content=\"Est. reading time\" \/>\n\t<meta name=\"twitter:data1\" content=\"5 minutes\" \/>\n<script type=\"application\/ld+json\" class=\"yoast-schema-graph\">{\"@context\":\"https:\/\/schema.org\",\"@graph\":[{\"@type\":\"WebPage\",\"@id\":\"https:\/\/bestbettingcasinos.com\/es-mx\/directrices-editoriales\/\",\"url\":\"https:\/\/bestbettingcasinos.com\/es-mx\/directrices-editoriales\/\",\"name\":\"Directrices editoriales: qu\u00e9 puedes sperar de nuestro contenido\",\"isPartOf\":{\"@id\":\"https:\/\/bestbettingcasinos.com\/es-mx\/#website\"},\"primaryImageOfPage\":{\"@id\":\"https:\/\/bestbettingcasinos.com\/es-mx\/directrices-editoriales\/#primaryimage\"},\"image\":{\"@id\":\"https:\/\/bestbettingcasinos.com\/es-mx\/directrices-editoriales\/#primaryimage\"},\"thumbnailUrl\":\"https:\/\/bestbettingcasinos.com\/wp-content\/uploads\/online-gambling-license.png\",\"datePublished\":\"2025-12-17T12:13:54+00:00\",\"dateModified\":\"2025-12-17T12:14:43+00:00\",\"description\":\"Nuestra misi\u00f3n es ayudar a los jugadores mexicanos a elegir casinos en l\u00ednea y plataformas de apuestas de forma informada y segura.\",\"breadcrumb\":{\"@id\":\"https:\/\/bestbettingcasinos.com\/es-mx\/directrices-editoriales\/#breadcrumb\"},\"inLanguage\":\"es-MX\",\"potentialAction\":[{\"@type\":\"ReadAction\",\"target\":[\"https:\/\/bestbettingcasinos.com\/es-mx\/directrices-editoriales\/\"]}]},{\"@type\":\"ImageObject\",\"inLanguage\":\"es-MX\",\"@id\":\"https:\/\/bestbettingcasinos.com\/es-mx\/directrices-editoriales\/#primaryimage\",\"url\":\"https:\/\/bestbettingcasinos.com\/wp-content\/uploads\/online-gambling-license.png\",\"contentUrl\":\"https:\/\/bestbettingcasinos.com\/wp-content\/uploads\/online-gambling-license.png\"},{\"@type\":\"BreadcrumbList\",\"@id\":\"https:\/\/bestbettingcasinos.com\/es-mx\/directrices-editoriales\/#breadcrumb\",\"itemListElement\":[{\"@type\":\"ListItem\",\"position\":1,\"name\":\"Home\",\"item\":\"https:\/\/bestbettingcasinos.com\/es-mx\/\"},{\"@type\":\"ListItem\",\"position\":2,\"name\":\"Directrices editoriales: qu\u00e9 puedes sperar de nuestro contenido\"}]},{\"@type\":\"WebSite\",\"@id\":\"https:\/\/bestbettingcasinos.com\/es-mx\/#website\",\"url\":\"https:\/\/bestbettingcasinos.com\/es-mx\/\",\"name\":\"BestBettingCasinos.com - Mexico\",\"description\":\"\",\"potentialAction\":[{\"@type\":\"SearchAction\",\"target\":{\"@type\":\"EntryPoint\",\"urlTemplate\":\"https:\/\/bestbettingcasinos.com\/es-mx\/?s={search_term_string}\"},\"query-input\":{\"@type\":\"PropertyValueSpecification\",\"valueRequired\":true,\"valueName\":\"search_term_string\"}}],\"inLanguage\":\"es-MX\"}]}<\/script>\n<!-- \/ Yoast SEO plugin. -->","yoast_head_json":{"title":"Directrices editoriales: qu\u00e9 puedes sperar de nuestro contenido","description":"Nuestra misi\u00f3n es ayudar a los jugadores mexicanos a elegir casinos en l\u00ednea y plataformas de apuestas de forma informada y segura.","robots":{"index":"index","follow":"follow","max-snippet":"max-snippet:-1","max-image-preview":"max-image-preview:large","max-video-preview":"max-video-preview:-1"},"canonical":"https:\/\/bestbettingcasinos.com\/es-mx\/directrices-editoriales\/","og_locale":"es_MX","og_type":"article","og_title":"Directrices editoriales: qu\u00e9 puedes sperar de nuestro contenido","og_description":"Nuestra misi\u00f3n es ayudar a los jugadores mexicanos a elegir casinos en l\u00ednea y plataformas de apuestas de forma informada y segura.","og_url":"https:\/\/bestbettingcasinos.com\/es-mx\/directrices-editoriales\/","og_site_name":"BestBettingCasinos.com - Mexico","article_modified_time":"2025-12-17T12:14:43+00:00","twitter_card":"summary_large_image","twitter_misc":{"Est. reading time":"5 minutes"},"schema":{"@context":"https:\/\/schema.org","@graph":[{"@type":"WebPage","@id":"https:\/\/bestbettingcasinos.com\/es-mx\/directrices-editoriales\/","url":"https:\/\/bestbettingcasinos.com\/es-mx\/directrices-editoriales\/","name":"Directrices editoriales: qu\u00e9 puedes sperar de nuestro contenido","isPartOf":{"@id":"https:\/\/bestbettingcasinos.com\/es-mx\/#website"},"primaryImageOfPage":{"@id":"https:\/\/bestbettingcasinos.com\/es-mx\/directrices-editoriales\/#primaryimage"},"image":{"@id":"https:\/\/bestbettingcasinos.com\/es-mx\/directrices-editoriales\/#primaryimage"},"thumbnailUrl":"https:\/\/bestbettingcasinos.com\/wp-content\/uploads\/online-gambling-license.png","datePublished":"2025-12-17T12:13:54+00:00","dateModified":"2025-12-17T12:14:43+00:00","description":"Nuestra misi\u00f3n es ayudar a los jugadores mexicanos a elegir casinos en l\u00ednea y plataformas de apuestas de forma informada y segura.","breadcrumb":{"@id":"https:\/\/bestbettingcasinos.com\/es-mx\/directrices-editoriales\/#breadcrumb"},"inLanguage":"es-MX","potentialAction":[{"@type":"ReadAction","target":["https:\/\/bestbettingcasinos.com\/es-mx\/directrices-editoriales\/"]}]},{"@type":"ImageObject","inLanguage":"es-MX","@id":"https:\/\/bestbettingcasinos.com\/es-mx\/directrices-editoriales\/#primaryimage","url":"https:\/\/bestbettingcasinos.com\/wp-content\/uploads\/online-gambling-license.png","contentUrl":"https:\/\/bestbettingcasinos.com\/wp-content\/uploads\/online-gambling-license.png"},{"@type":"BreadcrumbList","@id":"https:\/\/bestbettingcasinos.com\/es-mx\/directrices-editoriales\/#breadcrumb","itemListElement":[{"@type":"ListItem","position":1,"name":"Home","item":"https:\/\/bestbettingcasinos.com\/es-mx\/"},{"@type":"ListItem","position":2,"name":"Directrices editoriales: qu\u00e9 puedes sperar de nuestro contenido"}]},{"@type":"WebSite","@id":"https:\/\/bestbettingcasinos.com\/es-mx\/#website","url":"https:\/\/bestbettingcasinos.com\/es-mx\/","name":"BestBettingCasinos.com - Mexico","description":"","potentialAction":[{"@type":"SearchAction","target":{"@type":"EntryPoint","urlTemplate":"https:\/\/bestbettingcasinos.com\/es-mx\/?s={search_term_string}"},"query-input":{"@type":"PropertyValueSpecification","valueRequired":true,"valueName":"search_term_string"}}],"inLanguage":"es-MX"}]}},"_links":{"self":[{"href":"https:\/\/bestbettingcasinos.com\/es-mx\/wp-json\/wp\/v2\/pages\/1017","targetHints":{"allow":["GET"]}}],"collection":[{"href":"https:\/\/bestbettingcasinos.com\/es-mx\/wp-json\/wp\/v2\/pages"}],"about":[{"href":"https:\/\/bestbettingcasinos.com\/es-mx\/wp-json\/wp\/v2\/types\/page"}],"author":[{"embeddable":true,"href":"https:\/\/bestbettingcasinos.com\/es-mx\/wp-json\/wp\/v2\/users\/3"}],"replies":[{"embeddable":true,"href":"https:\/\/bestbettingcasinos.com\/es-mx\/wp-json\/wp\/v2\/comments?post=1017"}],"version-history":[{"count":1,"href":"https:\/\/bestbettingcasinos.com\/es-mx\/wp-json\/wp\/v2\/pages\/1017\/revisions"}],"predecessor-version":[{"id":1018,"href":"https:\/\/bestbettingcasinos.com\/es-mx\/wp-json\/wp\/v2\/pages\/1017\/revisions\/1018"}],"wp:attachment":[{"href":"https:\/\/bestbettingcasinos.com\/es-mx\/wp-json\/wp\/v2\/media?parent=1017"}],"curies":[{"name":"wp","href":"https:\/\/api.w.org\/{rel}","templated":true}]}}