{"id":2152,"date":"2025-08-25T09:52:28","date_gmt":"2025-08-25T09:52:28","guid":{"rendered":"https:\/\/bestbettingcasinos.com\/de\/?page_id=2152"},"modified":"2025-08-25T09:53:08","modified_gmt":"2025-08-25T09:53:08","slug":"unser-team","status":"publish","type":"page","link":"https:\/\/bestbettingcasinos.com\/de\/unser-team\/","title":{"rendered":"Unser Team"},"content":{"rendered":"\n<p>Seit der Gr\u00fcndung von BestBettingCasinos.com im Jahr 2015 haben wir auf unserem Weg viele gro\u00dfartige Menschen gewonnen.<\/p>\n\n\n\n<p>Unser Team besteht aus einem hervorragenden Kollektiv von Branchenexperten, kreativen Autoren, Technikprofis, \u00dcbersetzern und mehr.<\/p>\n\n\n\n<p>Wenn Sie mehr \u00fcber alle Mitwirkenden von BestBettingCasinos.com erfahren m\u00f6chten, werfen Sie einen Blick auf den Kern unseres Teams unten.<\/p>\n\n\n<div id=\"mini-reviews-69d3d094c4e00\" class=\"ot-mini-reviews\"><div class=\"ot-mini-review\"><div class=\"ot-mini-review-image-section\"><img decoding=\"async\" src=\"https:\/\/bestbettingcasinos.com\/wp-content\/uploads\/dave-sneekes-bestbettingcasinos-1-300x300-4.png\" alt=\"Dave Sneekes\"><\/div><div class=\"ot-mini-review-text-section\"><h3 class=\"ot-mini-review-title\">Dave Sneekes<\/h3><div class=\"ot-mini-review-content\">Ich bin einer der Mitgr\u00fcnder von BestBettingCasinos.com. Gemeinsam mit Koen Verkerk habe ich diese Webseite im Jahr 2015 gestartet. <br><\/br>\r\nIch spiele leidenschaftlich gerne Casino-Spiele und wette auf Sport. Diese Leidenschaft m\u00f6chte ich mit der ganzen Welt teilen. Genau deshalb haben wir diese Webseite ins Leben gerufen und entschieden, uns auf viele L\u00e4nder weltweit zu konzentrieren. <br><\/br>\r\nNeben dem Teilen meiner Leidenschaft mit unseren Besuchern reise ich gerne, spiele Golf und verbringe Zeit mit meiner Frau und meinen zwei Kindern. <br><\/br>\r\n\r\nBeitr\u00e4ge: 900+<br><\/br>\r\nAutor seit: 2015<br><\/br>\r\n<a href=\"https:\/\/bestbettingcasinos.com\/author\/davesneekes\/\">Autorenseite<\/a><br><\/br>\r\n<a href=\"https:\/\/www.facebook.com\/dave.sneekes\">Facebook<\/a><br><\/br>\r\n<a href=\"https:\/\/www.linkedin.com\/in\/davesnks\/\">LinkedIn<\/a><br><\/br>\r\n<a href=\"https:\/\/www.instagram.com\/mrsneekes\/\">Instagram<\/a><br><\/br>\r\n<a href=\"mailto:dave@bestbettingcasinos.com\">E-Mail<\/a><br><\/br><\/div><\/div><\/div><div class=\"ot-mini-review\"><div class=\"ot-mini-review-image-section\"><img decoding=\"async\" src=\"https:\/\/bestbettingcasinos.com\/wp-content\/uploads\/koen-verkerk-author-1-300x300-4.jpg\" alt=\"Koen Verkerk\"><\/div><div class=\"ot-mini-review-text-section\"><h3 class=\"ot-mini-review-title\">Koen Verkerk<\/h3><div class=\"ot-mini-review-content\">Koen Verkerk gr\u00fcndete BestBettingCasinos.com im Jahr 2015 gemeinsam mit Dave Sneekes. Obwohl er anfangs nicht sehr vertraut mit Online-Gl\u00fccksspiel war, hat er in den letzten Jahren eine Menge dar\u00fcber gelernt. Heute ist Koen f\u00fcr viele Aufgaben verantwortlich, darunter das Verfassen von Expertenbewertungen, allgemeine Informationen und die benutzerfreundliche Gestaltung unserer Webseite f\u00fcr Besucher. <br><\/br>\r\nNeben dem Gl\u00fccksspiel-Bereich ist Koen auch in der Energiebranche aktiv. In den letzten fast 10 Jahren hat er eine beliebte Energie-Vergleichsseite in den Niederlanden betrieben. <br><\/br>\r\nWenn Koen nicht im B\u00fcro arbeitet, treibt er gerne verschiedene Sportarten wie Laufen, Radfahren und insbesondere Boxen. Au\u00dferdem z\u00e4hlt ein Guinness oder ein Whisky mit Freunden zu seinen Lieblingsbesch\u00e4ftigungen. <br><\/br>\r\n\r\nBeitr\u00e4ge: 875+<br><\/br>\r\nAutor seit: 2015<br><\/br>\r\n<a href=\"https:\/\/bestbettingcasinos.com\/author\/koen\/\">Autorenseite<\/a><br><\/br>\r\n<a href=\"https:\/\/www.linkedin.com\/in\/koenverkerk\/\">LinkedIn<\/a><br><\/br>\r\n<a href=\"https:\/\/twitter.com\/KVerk1991\">X (Twitter)<\/a><br><\/br>\r\n<a href=\"mailto:koen@bestbettingcasinos.com\">E-Mail<\/a><br><\/br><\/div><\/div><\/div><div class=\"ot-mini-review\"><div class=\"ot-mini-review-image-section\"><img decoding=\"async\" src=\"https:\/\/bestbettingcasinos.com\/wp-content\/uploads\/job-team-bestbettingcasinos-1-300x300-4.jpg\" alt=\"Job Rouwhorst\"><\/div><div class=\"ot-mini-review-text-section\"><h3 class=\"ot-mini-review-title\">Job Rouwhorst<\/h3><div class=\"ot-mini-review-content\">Job ist 2020 zu BestBettingCasinos gesto\u00dfen und arbeitet noch immer jeden Tag mit einem L\u00e4cheln. Er besch\u00e4ftigt sich haupts\u00e4chlich mit Marketing &amp; Sales, aber das ist nicht alles. Er ist au\u00dferdem t\u00e4glich daf\u00fcr verantwortlich, Inhalte zu verfassen und auf der Webseite zu ver\u00f6ffentlichen. <br><\/br>\r\nMan kann Job als echten Sportfanatiker bezeichnen. Er schaut sich den ganzen Tag \u00fcber alle m\u00f6glichen Sportarten an, aber in seiner Freizeit trainiert er gerne und spielt Fu\u00dfball, Tennis und Padel. <br><\/br>\r\nAm Wochenende geht er au\u00dferdem gerne mit seinen Freunden in die Bar und trinkt ein paar Bier. <br><\/br>\r\n\r\nBeitr\u00e4ge: 500+<br><\/br>\r\nAutor seit: 2020<br><\/br>\r\n<a href=\"https:\/\/bestbettingcasinos.com\/author\/job\/\">Autorenseite<\/a><br><\/br>\r\n<a href=\"https:\/\/www.linkedin.com\/in\/job-rouwhorst-a1b70614a\/\">LinkedIn<\/a><br><\/br>\r\n<a href=\"mailto:job@bestbettingcasinos.com\">E-Mail<\/a><br><\/br><\/div><\/div><\/div><div class=\"ot-mini-review\"><div class=\"ot-mini-review-image-section\"><img decoding=\"async\" src=\"https:\/\/bestbettingcasinos.com\/wp-content\/uploads\/rens-author-bestbettingcasinos-final-1-300x300-4.jpg\" alt=\"Rens\"><\/div><div class=\"ot-mini-review-text-section\"><h3 class=\"ot-mini-review-title\">Rens<\/h3><div class=\"ot-mini-review-content\">Rens ist einer unserer Senior-Content-Autoren. Er brennt daf\u00fcr, die besten Inhalte zu erstellen, w\u00e4hrend er selbst in Online-Casinos spielt. Rens legt gro\u00dfen Wert auf Details. Wenn du seine Rezensionen oder Blogs liest, erf\u00e4hrst du alles, was du \u00fcber das jeweilige Thema wissen m\u00f6chtest. Neben seiner Leidenschaft als Content-Autor ist Rens einer der besten Saxophonspieler in den Niederlanden. Bei unseren Firmenfeiern und Ausfl\u00fcgen ist er der Haupt-Act und sorgt f\u00fcr die musikalische Unterhaltung. <br><\/br>\r\n\r\nBeitr\u00e4ge: 50+<br><\/br>\r\nAutor seit: 2020<br><\/br>\r\n<a href=\"https:\/\/bestbettingcasinos.com\/author\/rensville\/\">Autorenseite<\/a><br><\/br>\r\n<a href=\"mailto:rens@bestbettingcasinos.com\">E-Mail<\/a><br><\/br><\/div><\/div><\/div><\/div><style>\n        #mini-reviews-69d3d094c4e00.ot-mini-reviews {\n            margin: 2rem 0;\n            width: 100%;\n        }\n\n        #mini-reviews-69d3d094c4e00 .ot-mini-review {\n            display: flex;\n            background: #fff;\n            border-radius: 16px;\n            overflow: hidden;\n            box-shadow: 0 4px 12px rgba(0,0,0,0.08);\n            margin-bottom: 2rem;\n            transition: transform 0.3s ease, box-shadow 0.3s ease;\n        }\n\n        #mini-reviews-69d3d094c4e00 .ot-mini-review:hover {\n            transform: translateY(-4px);\n            box-shadow: 0 8px 20px rgba(0,0,0,0.12);\n        }\n\n        #mini-reviews-69d3d094c4e00 .ot-mini-review-image-section {\n            width: 300px;\n            flex-shrink: 0;\n            overflow: hidden;\n            display: flex;\n            align-items: center;\n            justify-content: center;\n            background: #f0f0f0;\n        }\n\n        #mini-reviews-69d3d094c4e00 .ot-mini-review-image-section img {\n            width: 100%;\n            height: auto;\n            object-fit: contain;\n            padding: 10px;\n            transition: transform 0.4s ease;\n        }\n\n        #mini-reviews-69d3d094c4e00 .ot-mini-review:hover .ot-mini-review-image-section img {\n            transform: scale(1.03);\n        }\n\n        #mini-reviews-69d3d094c4e00 .ot-mini-review-text-section {\n            padding: 1.5rem;\n            flex: 1;\n            display: flex;\n            flex-direction: column;\n            justify-content: center;\n        }\n\n        #mini-reviews-69d3d094c4e00 .ot-mini-review-title {\n            margin-top: 0;\n            margin-bottom: 1rem;\n            font-size: 1.5rem;\n            font-weight: bold;\n            color: #222;\n        }\n\n        #mini-reviews-69d3d094c4e00 .ot-mini-review-content {\n            color: #444;\n            line-height: 1.6;\n        }\n\n        #mini-reviews-69d3d094c4e00 .ot-mini-review-content a {\n            color: #0073aa;\n            text-decoration: underline;\n        }\n\n        #mini-reviews-69d3d094c4e00 .ot-mini-review-content a:hover {\n            color: #005177;\n        }\n\n        @media (max-width: 768px) {\n            #mini-reviews-69d3d094c4e00 .ot-mini-review {\n                flex-direction: column;\n            }\n\n            #mini-reviews-69d3d094c4e00 .ot-mini-review-image-section {\n                width: 100%;\n                height: auto;\n            }\n\n            #mini-reviews-69d3d094c4e00 .ot-mini-review-image-section img {\n                width: 100%;\n                height: auto;\n            }\n        }\n        <\/style>\n","protected":false},"excerpt":{"rendered":"<p>Seit der Gr\u00fcndung von BestBettingCasinos.com im Jahr 2015 haben wir auf unserem Weg viele gro\u00dfartige Menschen gewonnen. Unser Team besteht [&hellip;]<\/p>\n","protected":false},"author":3,"featured_media":0,"parent":0,"menu_order":0,"comment_status":"closed","ping_status":"closed","template":"","meta":{"_acf_changed":false,"footnotes":""},"class_list":["post-2152","page","type-page","status-publish","hentry"],"acf":[],"yoast_head":"<!-- This site is optimized with the Yoast SEO plugin v26.9 - https:\/\/yoast.com\/product\/yoast-seo-wordpress\/ -->\n<title>Unser Team \u2013 \u00dcber uns \u2013 BestBettingCasinos.com<\/title>\n<meta name=\"description\" content=\"Seit der Gr\u00fcndung von BestBettingCasinos.com im Jahr 2015 haben wir auf unserem Weg viele gro\u00dfartige Menschen gewonnen.\" \/>\n<meta name=\"robots\" content=\"index, follow, max-snippet:-1, max-image-preview:large, max-video-preview:-1\" \/>\n<link rel=\"canonical\" href=\"https:\/\/bestbettingcasinos.com\/de\/unser-team\/\" \/>\n<meta property=\"og:locale\" content=\"de_DE\" \/>\n<meta property=\"og:type\" content=\"article\" \/>\n<meta property=\"og:title\" content=\"Unser Team \u2013 \u00dcber uns \u2013 BestBettingCasinos.com\" \/>\n<meta property=\"og:description\" content=\"Seit der Gr\u00fcndung von BestBettingCasinos.com im Jahr 2015 haben wir auf unserem Weg viele gro\u00dfartige Menschen gewonnen.\" \/>\n<meta property=\"og:url\" content=\"https:\/\/bestbettingcasinos.com\/de\/unser-team\/\" \/>\n<meta property=\"og:site_name\" content=\"?? Best Betting Casinos - Germany\" \/>\n<meta property=\"article:modified_time\" content=\"2025-08-25T09:53:08+00:00\" \/>\n<meta name=\"twitter:card\" content=\"summary_large_image\" \/>\n<meta name=\"twitter:label1\" content=\"Est. reading time\" \/>\n\t<meta name=\"twitter:data1\" content=\"1 minute\" \/>\n<script type=\"application\/ld+json\" class=\"yoast-schema-graph\">{\"@context\":\"https:\/\/schema.org\",\"@graph\":[{\"@type\":\"WebPage\",\"@id\":\"https:\/\/bestbettingcasinos.com\/de\/unser-team\/\",\"url\":\"https:\/\/bestbettingcasinos.com\/de\/unser-team\/\",\"name\":\"Unser Team \u2013 \u00dcber uns \u2013 BestBettingCasinos.com\",\"isPartOf\":{\"@id\":\"https:\/\/bestbettingcasinos.com\/de\/#website\"},\"datePublished\":\"2025-08-25T09:52:28+00:00\",\"dateModified\":\"2025-08-25T09:53:08+00:00\",\"description\":\"Seit der Gr\u00fcndung von BestBettingCasinos.com im Jahr 2015 haben wir auf unserem Weg viele gro\u00dfartige Menschen gewonnen.\",\"breadcrumb\":{\"@id\":\"https:\/\/bestbettingcasinos.com\/de\/unser-team\/#breadcrumb\"},\"inLanguage\":\"de-DE\",\"potentialAction\":[{\"@type\":\"ReadAction\",\"target\":[\"https:\/\/bestbettingcasinos.com\/de\/unser-team\/\"]}]},{\"@type\":\"BreadcrumbList\",\"@id\":\"https:\/\/bestbettingcasinos.com\/de\/unser-team\/#breadcrumb\",\"itemListElement\":[{\"@type\":\"ListItem\",\"position\":1,\"name\":\"Home\",\"item\":\"https:\/\/bestbettingcasinos.com\/de\/\"},{\"@type\":\"ListItem\",\"position\":2,\"name\":\"Unser Team\"}]},{\"@type\":\"WebSite\",\"@id\":\"https:\/\/bestbettingcasinos.com\/de\/#website\",\"url\":\"https:\/\/bestbettingcasinos.com\/de\/\",\"name\":\"?? Best Betting Casinos - Germany\",\"description\":\"\",\"potentialAction\":[{\"@type\":\"SearchAction\",\"target\":{\"@type\":\"EntryPoint\",\"urlTemplate\":\"https:\/\/bestbettingcasinos.com\/de\/?s={search_term_string}\"},\"query-input\":{\"@type\":\"PropertyValueSpecification\",\"valueRequired\":true,\"valueName\":\"search_term_string\"}}],\"inLanguage\":\"de-DE\"}]}<\/script>\n<!-- \/ Yoast SEO plugin. -->","yoast_head_json":{"title":"Unser Team \u2013 \u00dcber uns \u2013 BestBettingCasinos.com","description":"Seit der Gr\u00fcndung von BestBettingCasinos.com im Jahr 2015 haben wir auf unserem Weg viele gro\u00dfartige Menschen gewonnen.","robots":{"index":"index","follow":"follow","max-snippet":"max-snippet:-1","max-image-preview":"max-image-preview:large","max-video-preview":"max-video-preview:-1"},"canonical":"https:\/\/bestbettingcasinos.com\/de\/unser-team\/","og_locale":"de_DE","og_type":"article","og_title":"Unser Team \u2013 \u00dcber uns \u2013 BestBettingCasinos.com","og_description":"Seit der Gr\u00fcndung von BestBettingCasinos.com im Jahr 2015 haben wir auf unserem Weg viele gro\u00dfartige Menschen gewonnen.","og_url":"https:\/\/bestbettingcasinos.com\/de\/unser-team\/","og_site_name":"?? Best Betting Casinos - Germany","article_modified_time":"2025-08-25T09:53:08+00:00","twitter_card":"summary_large_image","twitter_misc":{"Est. reading time":"1 minute"},"schema":{"@context":"https:\/\/schema.org","@graph":[{"@type":"WebPage","@id":"https:\/\/bestbettingcasinos.com\/de\/unser-team\/","url":"https:\/\/bestbettingcasinos.com\/de\/unser-team\/","name":"Unser Team \u2013 \u00dcber uns \u2013 BestBettingCasinos.com","isPartOf":{"@id":"https:\/\/bestbettingcasinos.com\/de\/#website"},"datePublished":"2025-08-25T09:52:28+00:00","dateModified":"2025-08-25T09:53:08+00:00","description":"Seit der Gr\u00fcndung von BestBettingCasinos.com im Jahr 2015 haben wir auf unserem Weg viele gro\u00dfartige Menschen gewonnen.","breadcrumb":{"@id":"https:\/\/bestbettingcasinos.com\/de\/unser-team\/#breadcrumb"},"inLanguage":"de-DE","potentialAction":[{"@type":"ReadAction","target":["https:\/\/bestbettingcasinos.com\/de\/unser-team\/"]}]},{"@type":"BreadcrumbList","@id":"https:\/\/bestbettingcasinos.com\/de\/unser-team\/#breadcrumb","itemListElement":[{"@type":"ListItem","position":1,"name":"Home","item":"https:\/\/bestbettingcasinos.com\/de\/"},{"@type":"ListItem","position":2,"name":"Unser Team"}]},{"@type":"WebSite","@id":"https:\/\/bestbettingcasinos.com\/de\/#website","url":"https:\/\/bestbettingcasinos.com\/de\/","name":"?? Best Betting Casinos - Germany","description":"","potentialAction":[{"@type":"SearchAction","target":{"@type":"EntryPoint","urlTemplate":"https:\/\/bestbettingcasinos.com\/de\/?s={search_term_string}"},"query-input":{"@type":"PropertyValueSpecification","valueRequired":true,"valueName":"search_term_string"}}],"inLanguage":"de-DE"}]}},"_links":{"self":[{"href":"https:\/\/bestbettingcasinos.com\/de\/wp-json\/wp\/v2\/pages\/2152","targetHints":{"allow":["GET"]}}],"collection":[{"href":"https:\/\/bestbettingcasinos.com\/de\/wp-json\/wp\/v2\/pages"}],"about":[{"href":"https:\/\/bestbettingcasinos.com\/de\/wp-json\/wp\/v2\/types\/page"}],"author":[{"embeddable":true,"href":"https:\/\/bestbettingcasinos.com\/de\/wp-json\/wp\/v2\/users\/3"}],"replies":[{"embeddable":true,"href":"https:\/\/bestbettingcasinos.com\/de\/wp-json\/wp\/v2\/comments?post=2152"}],"version-history":[{"count":1,"href":"https:\/\/bestbettingcasinos.com\/de\/wp-json\/wp\/v2\/pages\/2152\/revisions"}],"predecessor-version":[{"id":2153,"href":"https:\/\/bestbettingcasinos.com\/de\/wp-json\/wp\/v2\/pages\/2152\/revisions\/2153"}],"wp:attachment":[{"href":"https:\/\/bestbettingcasinos.com\/de\/wp-json\/wp\/v2\/media?parent=2152"}],"curies":[{"name":"wp","href":"https:\/\/api.w.org\/{rel}","templated":true}]}}