{"id":1606,"date":"2025-02-12T12:45:49","date_gmt":"2025-02-12T12:45:49","guid":{"rendered":"https:\/\/bestbettingcasinos.com\/de\/?page_id=1606"},"modified":"2025-02-12T12:46:58","modified_gmt":"2025-02-12T12:46:58","slug":"datenschutzerklarung","status":"publish","type":"page","link":"https:\/\/bestbettingcasinos.com\/de\/datenschutzerklarung\/","title":{"rendered":"Datenschutzerkl\u00e4rung"},"content":{"rendered":"\n<p>BestBettingCasinos.com (im Folgenden als &#8220;BBC&#8221; bezeichnet) ist der Verantwortliche f\u00fcr die Verarbeitung personenbezogener Daten im Rahmen der geltenden Datenschutzgesetze. Gem\u00e4\u00df diesen Gesetzen ist BBC f\u00fcr die sichere Verwaltung, den Schutz und die Verarbeitung Ihrer personenbezogenen Daten verantwortlich. BBC ist Teil von Chambull Media Limited, das unter folgender Adresse registriert ist: Unit 4, First Floor, Kilmeaden Business Centre, Kilmeaden, Waterford, Irland.<\/p>\n\n\n\n<p>Diese Datenschutzerkl\u00e4rung beschreibt, wie wir personenbezogene Daten erfassen, verarbeiten und sch\u00fctzen. Bitte lesen Sie diese Erkl\u00e4rung sorgf\u00e4ltig durch. Wenn Sie mit dem Inhalt nicht einverstanden sind, sollten Sie die Nutzung unserer Website einstellen.<\/p>\n\n\n\n<p>Bitte beachten Sie, dass Ihre personenbezogenen Daten in Datenbanken gespeichert sein k\u00f6nnen, die auch anderen Unternehmen als BBC zug\u00e4nglich sind. In solchen F\u00e4llen verpflichten sich alle Unternehmen zur Einhaltung der in dieser Richtlinie festgelegten Bedingungen.<\/p>\n\n\n\n<h2 id=\"von-ihnen-bereitgestellte-personenbezogene-daten\" class=\"wp-block-heading\">Von Ihnen bereitgestellte personenbezogene Daten<\/h2>\n\n\n\n<p>Diese Website ist ohne Registrierung und ohne Angabe personenbezogener Daten zug\u00e4nglich und nutzbar.<\/p>\n\n\n\n<p>Sie k\u00f6nnen sich jedoch daf\u00fcr entscheiden, Informationen zu Werbeangeboten, einschlie\u00dflich Boni, zu erhalten, indem Sie sich f\u00fcr unseren E-Mail-Newsletter oder Push-Benachrichtigungen anmelden.<\/p>\n\n\n\n<p>Sie haben jederzeit das Recht, den Erhalt solcher Mitteilungen zu beenden. Dies k\u00f6nnen Sie tun, indem Sie uns schreiben oder den &#8220;Abmelden&#8221;-Button in einer E-Mail oder Push-Benachrichtigung anklicken.<\/p>\n\n\n\n<p>Falls Sie mit uns in Kontakt treten, k\u00f6nnen wir eine Aufzeichnung dieser Korrespondenz aufbewahren.<\/p>\n\n\n\n<h2 id=\"automatisch-erfasste-personenbezogene-daten\" class=\"wp-block-heading\">Automatisch erfasste personenbezogene Daten<\/h2>\n\n\n\n<p>Wir erfassen automatisch bestimmte Informationen von Ihnen, w\u00e4hrend Sie unsere Website besuchen. Dazu geh\u00f6ren:<\/p>\n\n\n\n<ul class=\"wp-block-list\">\n<li>Ihre IP-Adresse;<\/li>\n\n\n\n<li>Der Standort, von dem aus Sie auf unsere Website zugreifen;<\/li>\n\n\n\n<li>Datum und Uhrzeit Ihres Besuchs;<\/li>\n\n\n\n<li>Die Hardware, Software oder der Internetbrowser, den Sie verwenden;<\/li>\n\n\n\n<li>Informationen \u00fcber Ihr Betriebssystem, Spracheinstellungen und Anwendungsversionen;<\/li>\n\n\n\n<li>Informationen \u00fcber Ihre Klicks und besuchte Seiten;<\/li>\n\n\n\n<li>Daten, die Ihr mobiles Ger\u00e4t identifizieren und Leistungsmerkmale des Ger\u00e4ts.<\/li>\n<\/ul>\n\n\n\n<h2 id=\"verwendung-personenbezogener-daten\" class=\"wp-block-heading\">Verwendung personenbezogener Daten<\/h2>\n\n\n\n<p>Wir erfassen und analysieren diese Daten, um die Leistung unserer Dienste zu verbessern und zu verstehen, wie unsere Nutzer unsere Website verwenden.<\/p>\n\n\n\n<p>Wir k\u00f6nnen aggregierte Informationen \u00fcber das Verhalten unserer Nutzer an Dritte weitergeben, jedoch nur in einer Weise, die keine individuelle Identifizierung zul\u00e4sst.<\/p>\n\n\n\n<p>Wir senden Werbe-E-Mails und Push-Benachrichtigungen zu Produkten und Dienstleistungen nur an Nutzer, die sich ausdr\u00fccklich daf\u00fcr entschieden haben. Wir geben Ihre personenbezogenen Daten nicht zu Marketingzwecken an Dritte weiter, es sei denn, Sie haben uns hierzu ausdr\u00fccklich Ihre Zustimmung erteilt.<\/p>\n\n\n\n<h2 id=\"datenverarbeitung\" class=\"wp-block-heading\">Datenverarbeitung<\/h2>\n\n\n\n<p>Wir verarbeiten personenbezogene Daten auf Grundlage verschiedener rechtlicher Grundlagen gem\u00e4\u00df Artikel 6(1) der Datenschutz-Grundverordnung (DSGVO):<\/p>\n\n\n\n<ul class=\"wp-block-list\">\n<li>Ihre Daten werden verarbeitet, wenn Sie uns Ihre ausdr\u00fcckliche Einwilligung f\u00fcr einen bestimmten Verarbeitungszweck gegeben haben. Diese Einwilligung k\u00f6nnen Sie jederzeit widerrufen, indem Sie uns kontaktieren oder den &#8220;Abmelden&#8221;-Button in unseren Mitteilungen anklicken.<\/li>\n\n\n\n<li>Wir k\u00f6nnen personenbezogene Daten verarbeiten, wenn dies zur Erf\u00fcllung eines Vertrags erforderlich ist.<\/li>\n\n\n\n<li>Wir k\u00f6nnen personenbezogene Daten verarbeiten, wenn dies zur Erf\u00fcllung einer gesetzlichen Verpflichtung erforderlich ist.<\/li>\n\n\n\n<li>Wir k\u00f6nnen personenbezogene Daten verarbeiten, wenn dies zur Wahrung berechtigter Interessen unseres Unternehmens notwendig ist, sofern nicht Ihre Interessen oder Grundrechte \u00fcberwiegen.<\/li>\n<\/ul>\n\n\n\n<h2 id=\"verwendung-von-cookies\" class=\"wp-block-heading\">Verwendung von Cookies<\/h2>\n\n\n\n<p>Cookies sind kleine Datenpakete, die auf Ihrem Computer gespeichert werden und Ihr Nutzerverhalten auf einer Website aufzeichnen. Wir verwenden Cookies, um unsere Website zu verbessern, beispielsweise um Ihnen bei einem erneuten Besuch relevantere Angebote anzuzeigen. Durch die Nutzung unserer Website stimmen Sie unserer Cookie-Richtlinie zu. Sie k\u00f6nnen Cookies in Ihren Browser-Einstellungen deaktivieren oder l\u00f6schen. Hier finden Sie Anleitungen f\u00fcr verschiedene Browser:<\/p>\n\n\n\n<ul class=\"wp-block-list\">\n<li>Internet Explorer: <a>https:\/\/support.microsoft.com\/en-us\/help\/17442\/windows-internet-explorer-delete-manage-cookies<\/a><\/li>\n\n\n\n<li>Firefox: <a>https:\/\/support.mozilla.org\/de\/kb\/cookies-und-website-daten-in-firefox-loschen<\/a><\/li>\n\n\n\n<li>Chrome: <a>https:\/\/support.google.com\/chrome\/answer\/95647?hl=de<\/a><\/li>\n\n\n\n<li>Safari: <a>https:\/\/support.apple.com\/de-de\/HT201265<\/a><\/li>\n\n\n\n<li>Opera: <a>https:\/\/www.opera.com\/de\/use-cases\/clean-browser-and-remove-trackers<\/a><\/li>\n<\/ul>\n\n\n\n<h2 id=\"arten-von-cookies\" class=\"wp-block-heading\">Arten von Cookies<\/h2>\n\n\n\n<ul class=\"wp-block-list\">\n<li>&#8220;Erstanbieter-Cookies&#8221; sind Cookies, die von BBC oder der betreibenden Einheit der Domain gesetzt werden.<\/li>\n\n\n\n<li>&#8220;Drittanbieter-Cookies&#8221; sind Cookies von externen Diensten, die auf unserer Domain gespeichert werden d\u00fcrfen. Hier sind einige der g\u00e4ngigen Cookies, die wir verwenden:\n<ul class=\"wp-block-list\">\n<li><strong>Google Analytics<\/strong> \u2013 gesetzt von Google. Dies ist ein Drittanbieter-Cookie, das uns Analysen zur Nutzung unserer Website liefert. Die Laufzeit betr\u00e4gt zwei Jahre. Um sich abzumelden, besuchen Sie: <a>https:\/\/tools.google.com\/dlpage\/gaoptout<\/a><\/li>\n\n\n\n<li><strong>Cloudflare<\/strong> \u2013 gesetzt von Cloudflare. Dieses Cookie ist f\u00fcr die Sicherheitsfunktionen von Cloudflare erforderlich und speichert keine personenbezogenen Daten. Die Laufzeit betr\u00e4gt 12 Monate.<\/li>\n\n\n\n<li><strong>Aweber Systems, Inc.<\/strong> \u2013 mit Sitz in den USA, Privacy Shield-zertifiziert und verarbeitet personenbezogene Daten in unserem Auftrag f\u00fcr Mailing-Zwecke.<\/li>\n<\/ul>\n<\/li>\n<\/ul>\n\n\n\n<p>Bitte beachten Sie, dass unsere Werbepartner ebenfalls Cookies verwenden, auf die wir keinen Einfluss haben.<\/p>\n\n\n\n<p>Falls Sie Fragen zu personenbezogenen Daten, Datenschutz oder Cookies haben, kontaktieren Sie uns bitte unter <a>info@bestbettingcasinos.com<\/a>.<\/p>\n","protected":false},"excerpt":{"rendered":"<p>BestBettingCasinos.com (im Folgenden als &#8220;BBC&#8221; bezeichnet) ist der Verantwortliche f\u00fcr die Verarbeitung personenbezogener Daten im Rahmen der geltenden Datenschutzgesetze. Gem\u00e4\u00df [&hellip;]<\/p>\n","protected":false},"author":3,"featured_media":0,"parent":0,"menu_order":0,"comment_status":"closed","ping_status":"closed","template":"","meta":{"_acf_changed":false,"footnotes":""},"class_list":["post-1606","page","type-page","status-publish","hentry"],"acf":[],"yoast_head":"<!-- This site is optimized with the Yoast SEO plugin v26.9 - https:\/\/yoast.com\/product\/yoast-seo-wordpress\/ -->\n<title>Datenschutzrichtlinie und Verwendung von Cookies<\/title>\n<meta name=\"description\" content=\"Diese Datenschutzrichtlinie beschreibt, wie wir Informationen sch\u00fctzen und verarbeiten, die als personenbezogene Daten gelten k\u00f6nnten.\" \/>\n<meta name=\"robots\" content=\"index, follow, max-snippet:-1, max-image-preview:large, max-video-preview:-1\" \/>\n<link rel=\"canonical\" href=\"https:\/\/bestbettingcasinos.com\/de\/datenschutzerklarung\/\" \/>\n<meta property=\"og:locale\" content=\"de_DE\" \/>\n<meta property=\"og:type\" content=\"article\" \/>\n<meta property=\"og:title\" content=\"Datenschutzrichtlinie und Verwendung von Cookies\" \/>\n<meta property=\"og:description\" content=\"Diese Datenschutzrichtlinie beschreibt, wie wir Informationen sch\u00fctzen und verarbeiten, die als personenbezogene Daten gelten k\u00f6nnten.\" \/>\n<meta property=\"og:url\" content=\"https:\/\/bestbettingcasinos.com\/de\/datenschutzerklarung\/\" \/>\n<meta property=\"og:site_name\" content=\"?? Best Betting Casinos - Germany\" \/>\n<meta property=\"article:modified_time\" content=\"2025-02-12T12:46:58+00:00\" \/>\n<meta name=\"twitter:card\" content=\"summary_large_image\" \/>\n<meta name=\"twitter:label1\" content=\"Est. reading time\" \/>\n\t<meta name=\"twitter:data1\" content=\"3 minutes\" \/>\n<script type=\"application\/ld+json\" class=\"yoast-schema-graph\">{\"@context\":\"https:\/\/schema.org\",\"@graph\":[{\"@type\":\"WebPage\",\"@id\":\"https:\/\/bestbettingcasinos.com\/de\/datenschutzerklarung\/\",\"url\":\"https:\/\/bestbettingcasinos.com\/de\/datenschutzerklarung\/\",\"name\":\"Datenschutzrichtlinie und Verwendung von Cookies\",\"isPartOf\":{\"@id\":\"https:\/\/bestbettingcasinos.com\/de\/#website\"},\"datePublished\":\"2025-02-12T12:45:49+00:00\",\"dateModified\":\"2025-02-12T12:46:58+00:00\",\"description\":\"Diese Datenschutzrichtlinie beschreibt, wie wir Informationen sch\u00fctzen und verarbeiten, die als personenbezogene Daten gelten k\u00f6nnten.\",\"breadcrumb\":{\"@id\":\"https:\/\/bestbettingcasinos.com\/de\/datenschutzerklarung\/#breadcrumb\"},\"inLanguage\":\"de-DE\",\"potentialAction\":[{\"@type\":\"ReadAction\",\"target\":[\"https:\/\/bestbettingcasinos.com\/de\/datenschutzerklarung\/\"]}]},{\"@type\":\"BreadcrumbList\",\"@id\":\"https:\/\/bestbettingcasinos.com\/de\/datenschutzerklarung\/#breadcrumb\",\"itemListElement\":[{\"@type\":\"ListItem\",\"position\":1,\"name\":\"Home\",\"item\":\"https:\/\/bestbettingcasinos.com\/de\/\"},{\"@type\":\"ListItem\",\"position\":2,\"name\":\"Datenschutzerkl\u00e4rung\"}]},{\"@type\":\"WebSite\",\"@id\":\"https:\/\/bestbettingcasinos.com\/de\/#website\",\"url\":\"https:\/\/bestbettingcasinos.com\/de\/\",\"name\":\"?? Best Betting Casinos - Germany\",\"description\":\"\",\"potentialAction\":[{\"@type\":\"SearchAction\",\"target\":{\"@type\":\"EntryPoint\",\"urlTemplate\":\"https:\/\/bestbettingcasinos.com\/de\/?s={search_term_string}\"},\"query-input\":{\"@type\":\"PropertyValueSpecification\",\"valueRequired\":true,\"valueName\":\"search_term_string\"}}],\"inLanguage\":\"de-DE\"}]}<\/script>\n<!-- \/ Yoast SEO plugin. -->","yoast_head_json":{"title":"Datenschutzrichtlinie und Verwendung von Cookies","description":"Diese Datenschutzrichtlinie beschreibt, wie wir Informationen sch\u00fctzen und verarbeiten, die als personenbezogene Daten gelten k\u00f6nnten.","robots":{"index":"index","follow":"follow","max-snippet":"max-snippet:-1","max-image-preview":"max-image-preview:large","max-video-preview":"max-video-preview:-1"},"canonical":"https:\/\/bestbettingcasinos.com\/de\/datenschutzerklarung\/","og_locale":"de_DE","og_type":"article","og_title":"Datenschutzrichtlinie und Verwendung von Cookies","og_description":"Diese Datenschutzrichtlinie beschreibt, wie wir Informationen sch\u00fctzen und verarbeiten, die als personenbezogene Daten gelten k\u00f6nnten.","og_url":"https:\/\/bestbettingcasinos.com\/de\/datenschutzerklarung\/","og_site_name":"?? Best Betting Casinos - Germany","article_modified_time":"2025-02-12T12:46:58+00:00","twitter_card":"summary_large_image","twitter_misc":{"Est. reading time":"3 minutes"},"schema":{"@context":"https:\/\/schema.org","@graph":[{"@type":"WebPage","@id":"https:\/\/bestbettingcasinos.com\/de\/datenschutzerklarung\/","url":"https:\/\/bestbettingcasinos.com\/de\/datenschutzerklarung\/","name":"Datenschutzrichtlinie und Verwendung von Cookies","isPartOf":{"@id":"https:\/\/bestbettingcasinos.com\/de\/#website"},"datePublished":"2025-02-12T12:45:49+00:00","dateModified":"2025-02-12T12:46:58+00:00","description":"Diese Datenschutzrichtlinie beschreibt, wie wir Informationen sch\u00fctzen und verarbeiten, die als personenbezogene Daten gelten k\u00f6nnten.","breadcrumb":{"@id":"https:\/\/bestbettingcasinos.com\/de\/datenschutzerklarung\/#breadcrumb"},"inLanguage":"de-DE","potentialAction":[{"@type":"ReadAction","target":["https:\/\/bestbettingcasinos.com\/de\/datenschutzerklarung\/"]}]},{"@type":"BreadcrumbList","@id":"https:\/\/bestbettingcasinos.com\/de\/datenschutzerklarung\/#breadcrumb","itemListElement":[{"@type":"ListItem","position":1,"name":"Home","item":"https:\/\/bestbettingcasinos.com\/de\/"},{"@type":"ListItem","position":2,"name":"Datenschutzerkl\u00e4rung"}]},{"@type":"WebSite","@id":"https:\/\/bestbettingcasinos.com\/de\/#website","url":"https:\/\/bestbettingcasinos.com\/de\/","name":"?? Best Betting Casinos - Germany","description":"","potentialAction":[{"@type":"SearchAction","target":{"@type":"EntryPoint","urlTemplate":"https:\/\/bestbettingcasinos.com\/de\/?s={search_term_string}"},"query-input":{"@type":"PropertyValueSpecification","valueRequired":true,"valueName":"search_term_string"}}],"inLanguage":"de-DE"}]}},"_links":{"self":[{"href":"https:\/\/bestbettingcasinos.com\/de\/wp-json\/wp\/v2\/pages\/1606","targetHints":{"allow":["GET"]}}],"collection":[{"href":"https:\/\/bestbettingcasinos.com\/de\/wp-json\/wp\/v2\/pages"}],"about":[{"href":"https:\/\/bestbettingcasinos.com\/de\/wp-json\/wp\/v2\/types\/page"}],"author":[{"embeddable":true,"href":"https:\/\/bestbettingcasinos.com\/de\/wp-json\/wp\/v2\/users\/3"}],"replies":[{"embeddable":true,"href":"https:\/\/bestbettingcasinos.com\/de\/wp-json\/wp\/v2\/comments?post=1606"}],"version-history":[{"count":1,"href":"https:\/\/bestbettingcasinos.com\/de\/wp-json\/wp\/v2\/pages\/1606\/revisions"}],"predecessor-version":[{"id":1607,"href":"https:\/\/bestbettingcasinos.com\/de\/wp-json\/wp\/v2\/pages\/1606\/revisions\/1607"}],"wp:attachment":[{"href":"https:\/\/bestbettingcasinos.com\/de\/wp-json\/wp\/v2\/media?parent=1606"}],"curies":[{"name":"wp","href":"https:\/\/api.w.org\/{rel}","templated":true}]}}